{"id":1339,"date":"2023-05-05T15:10:07","date_gmt":"2023-05-05T19:10:07","guid":{"rendered":"https:\/\/tiendachilevip.com\/?post_type=product&#038;p=1339"},"modified":"2023-05-05T23:58:54","modified_gmt":"2023-05-06T03:58:54","slug":"1339","status":"publish","type":"product","link":"https:\/\/tiendachilevip.com\/?product=1339","title":{"rendered":"Pasamonta\u00f1a Moto"},"content":{"rendered":"<p>Solo negro con rojo y azul<br \/>\nTranspirable Balaclava de la motocicleta de la cara llena m\u00e1scara Moto ciclismo bicicleta m\u00e1scara Motocross casco Hood Moto montar cuello de la cara m\u00e1scara<\/p>\n<p>Descripci\u00f3n:<br \/>\nTipo: montar m\u00e1scara<br \/>\nMaterial: Algod\u00f3n lycra<br \/>\nColor: gris Rojo Negro Azul<br \/>\nTama\u00f1o: tama\u00f1o medio<br \/>\nTemporada: cuatro estaciones est\u00e1n disponibles<\/p>\n<p>Caracter\u00edsticas del producto:<br \/>\n1 De negro Lycra tela c\u00f3modo y transpirable<br \/>\n2 mejor flexibilidad puede cubrir completamente la cabeza y el cuello de partes m\u00e1s cerca de-montaje y m\u00e1s c\u00f3modo<br \/>\n\u00bf3 tiene elasticidad fuerte para prevenir las picaduras de mosquitos y polvo de invadiendo? \u00a1Un casco usado dentro de mejor protege la cabeza los o\u00eddos y la boca!<br \/>\n\u00a14 este tipo de cubierta de la cabeza puede cubrir la cara ocultar la identidad y proteger la cabeza! Tiene muchas aplicaciones Como CS simulaci\u00f3n<br \/>\n\u00bfAl aire libre arena sol ambiente especial polvo esqu\u00ed alpino coche de la protecci\u00f3n de la mano?<br \/>\nEl paquete incluye:<br \/>\n1 x m\u00e1scara<\/p>\n","protected":false},"excerpt":{"rendered":"<p>Solo negro con rojo y azul Transpirable Balaclava de la motocicleta de la cara llena m\u00e1scara Moto ciclismo bicicleta m\u00e1scara Motocross casco Hood Moto montar cuello de la cara m\u00e1scara Descripci\u00f3n: Tipo: montar m\u00e1scara Material: Algod\u00f3n lycra Color: gris Rojo Negro Azul Tama\u00f1o: tama\u00f1o medio Temporada: cuatro estaciones est\u00e1n disponibles Caracter\u00edsticas del producto: 1 De [&hellip;]<\/p>\n","protected":false},"featured_media":1340,"comment_status":"open","ping_status":"closed","template":"","meta":{"_uag_custom_page_level_css":"","site-sidebar-layout":"default","site-content-layout":"","ast-site-content-layout":"default","site-content-style":"default","site-sidebar-style":"default","ast-global-header-display":"","ast-banner-title-visibility":"","ast-main-header-display":"","ast-hfb-above-header-display":"","ast-hfb-below-header-display":"","ast-hfb-mobile-header-display":"","site-post-title":"","ast-breadcrumbs-content":"","ast-featured-img":"","footer-sml-layout":"","ast-disable-related-posts":"","theme-transparent-header-meta":"","adv-header-id-meta":"","stick-header-meta":"","header-above-stick-meta":"","header-main-stick-meta":"","header-below-stick-meta":"","astra-migrate-meta-layouts":"default","ast-page-background-enabled":"default","ast-page-background-meta":{"desktop":{"background-color":"","background-image":"","background-repeat":"repeat","background-position":"center center","background-size":"auto","background-attachment":"scroll","background-type":"","background-media":"","overlay-type":"","overlay-color":"","overlay-opacity":"","overlay-gradient":""},"tablet":{"background-color":"","background-image":"","background-repeat":"repeat","background-position":"center center","background-size":"auto","background-attachment":"scroll","background-type":"","background-media":"","overlay-type":"","overlay-color":"","overlay-opacity":"","overlay-gradient":""},"mobile":{"background-color":"","background-image":"","background-repeat":"repeat","background-position":"center center","background-size":"auto","background-attachment":"scroll","background-type":"","background-media":"","overlay-type":"","overlay-color":"","overlay-opacity":"","overlay-gradient":""}},"ast-content-background-meta":{"desktop":{"background-color":"var(--ast-global-color-5)","background-image":"","background-repeat":"repeat","background-position":"center center","background-size":"auto","background-attachment":"scroll","background-type":"","background-media":"","overlay-type":"","overlay-color":"","overlay-opacity":"","overlay-gradient":""},"tablet":{"background-color":"var(--ast-global-color-5)","background-image":"","background-repeat":"repeat","background-position":"center center","background-size":"auto","background-attachment":"scroll","background-type":"","background-media":"","overlay-type":"","overlay-color":"","overlay-opacity":"","overlay-gradient":""},"mobile":{"background-color":"var(--ast-global-color-5)","background-image":"","background-repeat":"repeat","background-position":"center center","background-size":"auto","background-attachment":"scroll","background-type":"","background-media":"","overlay-type":"","overlay-color":"","overlay-opacity":"","overlay-gradient":""}},"_joinchat":[]},"product_brand":[],"product_cat":[32],"product_tag":[],"class_list":{"0":"post-1339","1":"product","2":"type-product","3":"status-publish","4":"has-post-thumbnail","6":"product_cat-ropa","7":"desktop-align-left","8":"tablet-align-left","9":"mobile-align-left","11":"first","12":"instock","13":"sale","14":"taxable","15":"shipping-taxable","16":"purchasable","17":"product-type-simple"},"uagb_featured_image_src":{"full":["https:\/\/tiendachilevip.com\/wp-content\/uploads\/2023\/05\/1-22.png",800,800,false],"thumbnail":["https:\/\/tiendachilevip.com\/wp-content\/uploads\/2023\/05\/1-22-150x150.png",150,150,true],"medium":["https:\/\/tiendachilevip.com\/wp-content\/uploads\/2023\/05\/1-22-300x300.png",300,300,true],"medium_large":["https:\/\/tiendachilevip.com\/wp-content\/uploads\/2023\/05\/1-22-768x768.png",768,768,true],"large":["https:\/\/tiendachilevip.com\/wp-content\/uploads\/2023\/05\/1-22.png",800,800,false],"1536x1536":["https:\/\/tiendachilevip.com\/wp-content\/uploads\/2023\/05\/1-22.png",800,800,false],"2048x2048":["https:\/\/tiendachilevip.com\/wp-content\/uploads\/2023\/05\/1-22.png",800,800,false],"woocommerce_thumbnail":["https:\/\/tiendachilevip.com\/wp-content\/uploads\/2023\/05\/1-22-300x300.png",300,300,true],"woocommerce_single":["https:\/\/tiendachilevip.com\/wp-content\/uploads\/2023\/05\/1-22-600x600.png",600,600,true],"woocommerce_gallery_thumbnail":["https:\/\/tiendachilevip.com\/wp-content\/uploads\/2023\/05\/1-22-100x100.png",100,100,true]},"uagb_author_info":{"display_name":"pablo lopez","author_link":"https:\/\/tiendachilevip.com\/?author=0"},"uagb_comment_info":0,"uagb_excerpt":"Solo negro con rojo y azul Transpirable Balaclava de la motocicleta de la cara llena m\u00e1scara Moto ciclismo bicicleta m\u00e1scara Motocross casco Hood Moto montar cuello de la cara m\u00e1scara Descripci\u00f3n: Tipo: montar m\u00e1scara Material: Algod\u00f3n lycra Color: gris Rojo Negro Azul Tama\u00f1o: tama\u00f1o medio Temporada: cuatro estaciones est\u00e1n disponibles Caracter\u00edsticas del producto: 1 De&hellip;","_links":{"self":[{"href":"https:\/\/tiendachilevip.com\/index.php?rest_route=\/wp\/v2\/product\/1339","targetHints":{"allow":["GET"]}}],"collection":[{"href":"https:\/\/tiendachilevip.com\/index.php?rest_route=\/wp\/v2\/product"}],"about":[{"href":"https:\/\/tiendachilevip.com\/index.php?rest_route=\/wp\/v2\/types\/product"}],"replies":[{"embeddable":true,"href":"https:\/\/tiendachilevip.com\/index.php?rest_route=%2Fwp%2Fv2%2Fcomments&post=1339"}],"wp:featuredmedia":[{"embeddable":true,"href":"https:\/\/tiendachilevip.com\/index.php?rest_route=\/wp\/v2\/media\/1340"}],"wp:attachment":[{"href":"https:\/\/tiendachilevip.com\/index.php?rest_route=%2Fwp%2Fv2%2Fmedia&parent=1339"}],"wp:term":[{"taxonomy":"product_brand","embeddable":true,"href":"https:\/\/tiendachilevip.com\/index.php?rest_route=%2Fwp%2Fv2%2Fproduct_brand&post=1339"},{"taxonomy":"product_cat","embeddable":true,"href":"https:\/\/tiendachilevip.com\/index.php?rest_route=%2Fwp%2Fv2%2Fproduct_cat&post=1339"},{"taxonomy":"product_tag","embeddable":true,"href":"https:\/\/tiendachilevip.com\/index.php?rest_route=%2Fwp%2Fv2%2Fproduct_tag&post=1339"}],"curies":[{"name":"wp","href":"https:\/\/api.w.org\/{rel}","templated":true}]}}