{"id":1328,"date":"2023-05-05T13:17:57","date_gmt":"2023-05-05T17:17:57","guid":{"rendered":"https:\/\/tiendachilevip.com\/?post_type=product&#038;p=1328"},"modified":"2023-11-13T21:47:18","modified_gmt":"2023-11-14T01:47:18","slug":"1328","status":"publish","type":"product","link":"https:\/\/tiendachilevip.com\/?product=1328","title":{"rendered":"Altavoz Bluetooth Mini altavoz inal\u00e1mbrico"},"content":{"rendered":"<p>Altavoz Bluetooth Mini altavoz inal\u00e1mbrico Crack LED TF tarjeta USB Subwoofer port\u00e1til MP3 sonido altavoz inal\u00e1mbrico para tel\u00e9fono m\u00f3vil<\/p>\n<p>Aviso:<\/p>\n<p>Funci\u00f3n principal del altavoz Bluetooth:<br \/>\n1) Soporte: Bluetooth, tarjeta TF, USB, entrada de l\u00ednea<br \/>\n2) Soporte para rellamada telef\u00f3nica<br \/>\n3) Control remoto Bluetooth 10M<br \/>\n4) Puede admitir formatos de m\u00fasica: MP3, WMA,WAV, PE,FLAC<br \/>\n5) Material: pl\u00e1stico ABS + aluminio<br \/>\n6) Bater\u00eda recargable Li incorporada 350mAH<br \/>\n7) La bater\u00eda puede soportar el tiempo de reproducci\u00f3n: 2 horas;<br \/>\n8) del altavoz Tama\u00f1o: 62*53 MM<br \/>\n9) Soporte al responder llamadas manos libres (con micr\u00f3fono)<br \/>\n10) Encendido\/apagado autom\u00e1tico del mensaje de voz y Bluetooth est\u00e1 conectado y desconectado<\/p>\n<p>El paquete incluye:<br \/>\n1 x altavoz Bluetooth<br \/>\n1 x cable<\/p>\n","protected":false},"excerpt":{"rendered":"<p>Altavoz Bluetooth Mini altavoz inal\u00e1mbrico Crack LED TF tarjeta USB Subwoofer port\u00e1til MP3 sonido altavoz inal\u00e1mbrico para tel\u00e9fono m\u00f3vil Aviso: Funci\u00f3n principal del altavoz Bluetooth: 1) Soporte: Bluetooth, tarjeta TF, USB, entrada de l\u00ednea 2) Soporte para rellamada telef\u00f3nica 3) Control remoto Bluetooth 10M 4) Puede admitir formatos de m\u00fasica: MP3, WMA,WAV, PE,FLAC 5) Material: [&hellip;]<\/p>\n","protected":false},"featured_media":1330,"comment_status":"open","ping_status":"closed","template":"","meta":{"_uag_custom_page_level_css":"","site-sidebar-layout":"default","site-content-layout":"","ast-site-content-layout":"default","site-content-style":"default","site-sidebar-style":"default","ast-global-header-display":"","ast-banner-title-visibility":"","ast-main-header-display":"","ast-hfb-above-header-display":"","ast-hfb-below-header-display":"","ast-hfb-mobile-header-display":"","site-post-title":"","ast-breadcrumbs-content":"","ast-featured-img":"","footer-sml-layout":"","ast-disable-related-posts":"","theme-transparent-header-meta":"default","adv-header-id-meta":"","stick-header-meta":"","header-above-stick-meta":"","header-main-stick-meta":"","header-below-stick-meta":"","astra-migrate-meta-layouts":"set","ast-page-background-enabled":"default","ast-page-background-meta":{"desktop":{"background-color":"","background-image":"","background-repeat":"repeat","background-position":"center center","background-size":"auto","background-attachment":"scroll","background-type":"","background-media":"","overlay-type":"","overlay-color":"","overlay-opacity":"","overlay-gradient":""},"tablet":{"background-color":"","background-image":"","background-repeat":"repeat","background-position":"center center","background-size":"auto","background-attachment":"scroll","background-type":"","background-media":"","overlay-type":"","overlay-color":"","overlay-opacity":"","overlay-gradient":""},"mobile":{"background-color":"","background-image":"","background-repeat":"repeat","background-position":"center center","background-size":"auto","background-attachment":"scroll","background-type":"","background-media":"","overlay-type":"","overlay-color":"","overlay-opacity":"","overlay-gradient":""}},"ast-content-background-meta":{"desktop":{"background-color":"var(--ast-global-color-5)","background-image":"","background-repeat":"repeat","background-position":"center center","background-size":"auto","background-attachment":"scroll","background-type":"","background-media":"","overlay-type":"","overlay-color":"","overlay-opacity":"","overlay-gradient":""},"tablet":{"background-color":"var(--ast-global-color-5)","background-image":"","background-repeat":"repeat","background-position":"center center","background-size":"auto","background-attachment":"scroll","background-type":"","background-media":"","overlay-type":"","overlay-color":"","overlay-opacity":"","overlay-gradient":""},"mobile":{"background-color":"var(--ast-global-color-5)","background-image":"","background-repeat":"repeat","background-position":"center center","background-size":"auto","background-attachment":"scroll","background-type":"","background-media":"","overlay-type":"","overlay-color":"","overlay-opacity":"","overlay-gradient":""}},"_joinchat":[]},"product_brand":[],"product_cat":[27],"product_tag":[],"class_list":{"0":"post-1328","1":"product","2":"type-product","3":"status-publish","4":"has-post-thumbnail","6":"product_cat-musica","7":"desktop-align-left","8":"tablet-align-left","9":"mobile-align-left","11":"first","12":"instock","13":"sale","14":"taxable","15":"shipping-taxable","16":"purchasable","17":"product-type-simple"},"uagb_featured_image_src":{"full":["https:\/\/tiendachilevip.com\/wp-content\/uploads\/2023\/05\/2-20.png",800,800,false],"thumbnail":["https:\/\/tiendachilevip.com\/wp-content\/uploads\/2023\/05\/2-20-150x150.png",150,150,true],"medium":["https:\/\/tiendachilevip.com\/wp-content\/uploads\/2023\/05\/2-20-300x300.png",300,300,true],"medium_large":["https:\/\/tiendachilevip.com\/wp-content\/uploads\/2023\/05\/2-20-768x768.png",768,768,true],"large":["https:\/\/tiendachilevip.com\/wp-content\/uploads\/2023\/05\/2-20.png",800,800,false],"1536x1536":["https:\/\/tiendachilevip.com\/wp-content\/uploads\/2023\/05\/2-20.png",800,800,false],"2048x2048":["https:\/\/tiendachilevip.com\/wp-content\/uploads\/2023\/05\/2-20.png",800,800,false],"woocommerce_thumbnail":["https:\/\/tiendachilevip.com\/wp-content\/uploads\/2023\/05\/2-20-300x300.png",300,300,true],"woocommerce_single":["https:\/\/tiendachilevip.com\/wp-content\/uploads\/2023\/05\/2-20-600x600.png",600,600,true],"woocommerce_gallery_thumbnail":["https:\/\/tiendachilevip.com\/wp-content\/uploads\/2023\/05\/2-20-100x100.png",100,100,true]},"uagb_author_info":{"display_name":"pablo lopez","author_link":"https:\/\/tiendachilevip.com\/?author=0"},"uagb_comment_info":0,"uagb_excerpt":"Altavoz Bluetooth Mini altavoz inal\u00e1mbrico Crack LED TF tarjeta USB Subwoofer port\u00e1til MP3 sonido altavoz inal\u00e1mbrico para tel\u00e9fono m\u00f3vil Aviso: Funci\u00f3n principal del altavoz Bluetooth: 1) Soporte: Bluetooth, tarjeta TF, USB, entrada de l\u00ednea 2) Soporte para rellamada telef\u00f3nica 3) Control remoto Bluetooth 10M 4) Puede admitir formatos de m\u00fasica: MP3, WMA,WAV, PE,FLAC 5) Material:&hellip;","_links":{"self":[{"href":"https:\/\/tiendachilevip.com\/index.php?rest_route=\/wp\/v2\/product\/1328","targetHints":{"allow":["GET"]}}],"collection":[{"href":"https:\/\/tiendachilevip.com\/index.php?rest_route=\/wp\/v2\/product"}],"about":[{"href":"https:\/\/tiendachilevip.com\/index.php?rest_route=\/wp\/v2\/types\/product"}],"replies":[{"embeddable":true,"href":"https:\/\/tiendachilevip.com\/index.php?rest_route=%2Fwp%2Fv2%2Fcomments&post=1328"}],"wp:featuredmedia":[{"embeddable":true,"href":"https:\/\/tiendachilevip.com\/index.php?rest_route=\/wp\/v2\/media\/1330"}],"wp:attachment":[{"href":"https:\/\/tiendachilevip.com\/index.php?rest_route=%2Fwp%2Fv2%2Fmedia&parent=1328"}],"wp:term":[{"taxonomy":"product_brand","embeddable":true,"href":"https:\/\/tiendachilevip.com\/index.php?rest_route=%2Fwp%2Fv2%2Fproduct_brand&post=1328"},{"taxonomy":"product_cat","embeddable":true,"href":"https:\/\/tiendachilevip.com\/index.php?rest_route=%2Fwp%2Fv2%2Fproduct_cat&post=1328"},{"taxonomy":"product_tag","embeddable":true,"href":"https:\/\/tiendachilevip.com\/index.php?rest_route=%2Fwp%2Fv2%2Fproduct_tag&post=1328"}],"curies":[{"name":"wp","href":"https:\/\/api.w.org\/{rel}","templated":true}]}}