{"id":1316,"date":"2023-05-05T13:06:39","date_gmt":"2023-05-05T17:06:39","guid":{"rendered":"https:\/\/tiendachilevip.com\/?post_type=product&#038;p=1316"},"modified":"2023-05-05T13:10:39","modified_gmt":"2023-05-05T17:10:39","slug":"parlante-bluetooth-negro","status":"publish","type":"product","link":"https:\/\/tiendachilevip.com\/?product=parlante-bluetooth-negro","title":{"rendered":"Parlante Bluetooth Negro"},"content":{"rendered":"<p>Con Compatible: MP3, TF\/Tarjeta Micro SD<br \/>\nCompatible con: Bluetooth, llamadas rojas gratis, altavoz, micr\u00f3fono, Conferencia de M\u00fasica en tarjeta TF.<\/p>\n<p>Funciones: funci\u00f3n AUX, pista de canciones<\/p>\n<p>Interfaz: micr\u00f3fono, Mini USB, colocaci\u00f3n de tarjeta TF<\/p>\n<p>Bluetooth:Bluetooth V2.1<\/p>\n<p>Distancia de transmisi\u00f3n: sin obst\u00e1culos 10m<\/p>\n<p>Potencia de salida: 3W<\/p>\n<p>Frecuencia: 20Hz-20KHz<\/p>\n<p>Capacidad de la bater\u00eda: 400 mAh<\/p>\n<p>Tiempo de carga: alrededor de 2 horas<\/p>\n<p>Tiempo de trabajo: medio el volumen 2-3 veces<\/p>\n<p>Tipo de bater\u00eda: bater\u00eda de iones de litio<\/p>\n<p>Voltaje de funcionamiento: DC3.7V-4.2V<\/p>\n<p>Potencia: 4 3W<\/p>\n<p>Especificaciones del paquete:<\/p>\n<p>1x altavoz Bluetooth<\/p>\n<p>1 cable de carga USB.<\/p>\n","protected":false},"excerpt":{"rendered":"<p>Con Compatible: MP3, TF\/Tarjeta Micro SD Compatible con: Bluetooth, llamadas rojas gratis, altavoz, micr\u00f3fono, Conferencia de M\u00fasica en tarjeta TF. Funciones: funci\u00f3n AUX, pista de canciones Interfaz: micr\u00f3fono, Mini USB, colocaci\u00f3n de tarjeta TF Bluetooth:Bluetooth V2.1 Distancia de transmisi\u00f3n: sin obst\u00e1culos 10m Potencia de salida: 3W Frecuencia: 20Hz-20KHz Capacidad de la bater\u00eda: 400 mAh Tiempo [&hellip;]<\/p>\n","protected":false},"featured_media":1317,"comment_status":"open","ping_status":"closed","template":"","meta":{"_uag_custom_page_level_css":"","site-sidebar-layout":"default","site-content-layout":"","ast-site-content-layout":"default","site-content-style":"default","site-sidebar-style":"default","ast-global-header-display":"","ast-banner-title-visibility":"","ast-main-header-display":"","ast-hfb-above-header-display":"","ast-hfb-below-header-display":"","ast-hfb-mobile-header-display":"","site-post-title":"","ast-breadcrumbs-content":"","ast-featured-img":"","footer-sml-layout":"","ast-disable-related-posts":"","theme-transparent-header-meta":"","adv-header-id-meta":"","stick-header-meta":"","header-above-stick-meta":"","header-main-stick-meta":"","header-below-stick-meta":"","astra-migrate-meta-layouts":"default","ast-page-background-enabled":"default","ast-page-background-meta":{"desktop":{"background-color":"","background-image":"","background-repeat":"repeat","background-position":"center center","background-size":"auto","background-attachment":"scroll","background-type":"","background-media":"","overlay-type":"","overlay-color":"","overlay-opacity":"","overlay-gradient":""},"tablet":{"background-color":"","background-image":"","background-repeat":"repeat","background-position":"center center","background-size":"auto","background-attachment":"scroll","background-type":"","background-media":"","overlay-type":"","overlay-color":"","overlay-opacity":"","overlay-gradient":""},"mobile":{"background-color":"","background-image":"","background-repeat":"repeat","background-position":"center center","background-size":"auto","background-attachment":"scroll","background-type":"","background-media":"","overlay-type":"","overlay-color":"","overlay-opacity":"","overlay-gradient":""}},"ast-content-background-meta":{"desktop":{"background-color":"var(--ast-global-color-5)","background-image":"","background-repeat":"repeat","background-position":"center center","background-size":"auto","background-attachment":"scroll","background-type":"","background-media":"","overlay-type":"","overlay-color":"","overlay-opacity":"","overlay-gradient":""},"tablet":{"background-color":"var(--ast-global-color-5)","background-image":"","background-repeat":"repeat","background-position":"center center","background-size":"auto","background-attachment":"scroll","background-type":"","background-media":"","overlay-type":"","overlay-color":"","overlay-opacity":"","overlay-gradient":""},"mobile":{"background-color":"var(--ast-global-color-5)","background-image":"","background-repeat":"repeat","background-position":"center center","background-size":"auto","background-attachment":"scroll","background-type":"","background-media":"","overlay-type":"","overlay-color":"","overlay-opacity":"","overlay-gradient":""}},"_joinchat":[]},"product_brand":[],"product_cat":[24,27],"product_tag":[],"class_list":{"0":"post-1316","1":"product","2":"type-product","3":"status-publish","4":"has-post-thumbnail","6":"product_cat-electronica","7":"product_cat-musica","8":"desktop-align-left","9":"tablet-align-left","10":"mobile-align-left","12":"first","13":"instock","14":"sale","15":"taxable","16":"shipping-taxable","17":"purchasable","18":"product-type-simple"},"uagb_featured_image_src":{"full":["https:\/\/tiendachilevip.com\/wp-content\/uploads\/2023\/05\/1-20.png",800,1140,false],"thumbnail":["https:\/\/tiendachilevip.com\/wp-content\/uploads\/2023\/05\/1-20-150x150.png",150,150,true],"medium":["https:\/\/tiendachilevip.com\/wp-content\/uploads\/2023\/05\/1-20-211x300.png",211,300,true],"medium_large":["https:\/\/tiendachilevip.com\/wp-content\/uploads\/2023\/05\/1-20-768x1094.png",768,1094,true],"large":["https:\/\/tiendachilevip.com\/wp-content\/uploads\/2023\/05\/1-20-719x1024.png",719,1024,true],"1536x1536":["https:\/\/tiendachilevip.com\/wp-content\/uploads\/2023\/05\/1-20.png",800,1140,false],"2048x2048":["https:\/\/tiendachilevip.com\/wp-content\/uploads\/2023\/05\/1-20.png",800,1140,false],"woocommerce_thumbnail":["https:\/\/tiendachilevip.com\/wp-content\/uploads\/2023\/05\/1-20-300x300.png",300,300,true],"woocommerce_single":["https:\/\/tiendachilevip.com\/wp-content\/uploads\/2023\/05\/1-20-600x855.png",600,855,true],"woocommerce_gallery_thumbnail":["https:\/\/tiendachilevip.com\/wp-content\/uploads\/2023\/05\/1-20-100x100.png",100,100,true]},"uagb_author_info":{"display_name":"pablo lopez","author_link":"https:\/\/tiendachilevip.com\/?author=0"},"uagb_comment_info":0,"uagb_excerpt":"Con Compatible: MP3, TF\/Tarjeta Micro SD Compatible con: Bluetooth, llamadas rojas gratis, altavoz, micr\u00f3fono, Conferencia de M\u00fasica en tarjeta TF. Funciones: funci\u00f3n AUX, pista de canciones Interfaz: micr\u00f3fono, Mini USB, colocaci\u00f3n de tarjeta TF Bluetooth:Bluetooth V2.1 Distancia de transmisi\u00f3n: sin obst\u00e1culos 10m Potencia de salida: 3W Frecuencia: 20Hz-20KHz Capacidad de la bater\u00eda: 400 mAh Tiempo&hellip;","_links":{"self":[{"href":"https:\/\/tiendachilevip.com\/index.php?rest_route=\/wp\/v2\/product\/1316","targetHints":{"allow":["GET"]}}],"collection":[{"href":"https:\/\/tiendachilevip.com\/index.php?rest_route=\/wp\/v2\/product"}],"about":[{"href":"https:\/\/tiendachilevip.com\/index.php?rest_route=\/wp\/v2\/types\/product"}],"replies":[{"embeddable":true,"href":"https:\/\/tiendachilevip.com\/index.php?rest_route=%2Fwp%2Fv2%2Fcomments&post=1316"}],"wp:featuredmedia":[{"embeddable":true,"href":"https:\/\/tiendachilevip.com\/index.php?rest_route=\/wp\/v2\/media\/1317"}],"wp:attachment":[{"href":"https:\/\/tiendachilevip.com\/index.php?rest_route=%2Fwp%2Fv2%2Fmedia&parent=1316"}],"wp:term":[{"taxonomy":"product_brand","embeddable":true,"href":"https:\/\/tiendachilevip.com\/index.php?rest_route=%2Fwp%2Fv2%2Fproduct_brand&post=1316"},{"taxonomy":"product_cat","embeddable":true,"href":"https:\/\/tiendachilevip.com\/index.php?rest_route=%2Fwp%2Fv2%2Fproduct_cat&post=1316"},{"taxonomy":"product_tag","embeddable":true,"href":"https:\/\/tiendachilevip.com\/index.php?rest_route=%2Fwp%2Fv2%2Fproduct_tag&post=1316"}],"curies":[{"name":"wp","href":"https:\/\/api.w.org\/{rel}","templated":true}]}}