{"id":1286,"date":"2023-05-05T00:29:34","date_gmt":"2023-05-05T04:29:34","guid":{"rendered":"https:\/\/tiendachilevip.com\/?post_type=product&#038;p=1286"},"modified":"2023-05-05T01:02:05","modified_gmt":"2023-05-05T05:02:05","slug":"pies-de-metro-digital","status":"publish","type":"product","link":"https:\/\/tiendachilevip.com\/?product=pies-de-metro-digital","title":{"rendered":"Pies De Metro Digital"},"content":{"rendered":"<p>Caracter\u00edsticas:<br \/>\nLas dimensiones internas y externas se pueden medir f\u00e1cil y con precisi\u00f3n con el sistema de medici\u00f3n capacitivo lineal.<br \/>\nPuede ajustar la configuraci\u00f3n de cero en cualquier posici\u00f3n, con un peque\u00f1o tornillo de bloqueo que bloquea las mordazas en su lugar.<br \/>\nEste calibrador vernier de pantalla LCD es vers\u00e1til, puede medir longitud, ancho, di\u00e1metro interior, di\u00e1metro exterior, etc.<br \/>\nEl calibrador vernier digital es f\u00e1cil de leer, puede mostrar claramente la pantalla LCD, puede conocer r\u00e1pidamente los resultados de medici\u00f3n.<br \/>\nEl calibrador vernier es adecuado para carpinter\u00eda, artesan\u00eda, fabricaci\u00f3n, etc. de usar, peque\u00f1o y ligero, f\u00e1cil de transportar o almacenar, pr\u00e1ctico de usar.<\/p>\n<p>Especificaciones:<br \/>\nColor: como se muestra en las im\u00e1genes.<br \/>\nTama\u00f1o: 245x80x12mm.<br \/>\nResoluci\u00f3n: 0,1mm\/0,01 pulgadas.<br \/>\nPrecisi\u00f3n: \u00b1 0,2mm.<br \/>\nAlimentaci\u00f3n: Bater\u00eda de bot\u00f3n LR44\/SR44 1,5 V (no incluida)<br \/>\nRango de medici\u00f3n: 0-150mm.<\/p>\n<p>El paquete incluye:<br \/>\n1x calibrador vernier el\u00e9ctrico digital (sin bater\u00eda) \/ 1 x calibrador negro normal de pl\u00e1stico<\/p>\n","protected":false},"excerpt":{"rendered":"<p>Caracter\u00edsticas: Las dimensiones internas y externas se pueden medir f\u00e1cil y con precisi\u00f3n con el sistema de medici\u00f3n capacitivo lineal. Puede ajustar la configuraci\u00f3n de cero en cualquier posici\u00f3n, con un peque\u00f1o tornillo de bloqueo que bloquea las mordazas en su lugar. Este calibrador vernier de pantalla LCD es vers\u00e1til, puede medir longitud, ancho, di\u00e1metro [&hellip;]<\/p>\n","protected":false},"featured_media":1289,"comment_status":"open","ping_status":"closed","template":"","meta":{"_uag_custom_page_level_css":"","site-sidebar-layout":"default","site-content-layout":"","ast-site-content-layout":"default","site-content-style":"default","site-sidebar-style":"default","ast-global-header-display":"","ast-banner-title-visibility":"","ast-main-header-display":"","ast-hfb-above-header-display":"","ast-hfb-below-header-display":"","ast-hfb-mobile-header-display":"","site-post-title":"","ast-breadcrumbs-content":"","ast-featured-img":"","footer-sml-layout":"","ast-disable-related-posts":"","theme-transparent-header-meta":"","adv-header-id-meta":"","stick-header-meta":"","header-above-stick-meta":"","header-main-stick-meta":"","header-below-stick-meta":"","astra-migrate-meta-layouts":"default","ast-page-background-enabled":"default","ast-page-background-meta":{"desktop":{"background-color":"","background-image":"","background-repeat":"repeat","background-position":"center center","background-size":"auto","background-attachment":"scroll","background-type":"","background-media":"","overlay-type":"","overlay-color":"","overlay-opacity":"","overlay-gradient":""},"tablet":{"background-color":"","background-image":"","background-repeat":"repeat","background-position":"center center","background-size":"auto","background-attachment":"scroll","background-type":"","background-media":"","overlay-type":"","overlay-color":"","overlay-opacity":"","overlay-gradient":""},"mobile":{"background-color":"","background-image":"","background-repeat":"repeat","background-position":"center center","background-size":"auto","background-attachment":"scroll","background-type":"","background-media":"","overlay-type":"","overlay-color":"","overlay-opacity":"","overlay-gradient":""}},"ast-content-background-meta":{"desktop":{"background-color":"var(--ast-global-color-5)","background-image":"","background-repeat":"repeat","background-position":"center center","background-size":"auto","background-attachment":"scroll","background-type":"","background-media":"","overlay-type":"","overlay-color":"","overlay-opacity":"","overlay-gradient":""},"tablet":{"background-color":"var(--ast-global-color-5)","background-image":"","background-repeat":"repeat","background-position":"center center","background-size":"auto","background-attachment":"scroll","background-type":"","background-media":"","overlay-type":"","overlay-color":"","overlay-opacity":"","overlay-gradient":""},"mobile":{"background-color":"var(--ast-global-color-5)","background-image":"","background-repeat":"repeat","background-position":"center center","background-size":"auto","background-attachment":"scroll","background-type":"","background-media":"","overlay-type":"","overlay-color":"","overlay-opacity":"","overlay-gradient":""}},"_joinchat":[]},"product_brand":[],"product_cat":[26],"product_tag":[],"class_list":{"0":"post-1286","1":"product","2":"type-product","3":"status-publish","4":"has-post-thumbnail","6":"product_cat-herramientas","7":"desktop-align-left","8":"tablet-align-left","9":"mobile-align-left","11":"first","12":"instock","13":"sale","14":"taxable","15":"shipping-taxable","16":"purchasable","17":"product-type-simple"},"uagb_featured_image_src":{"full":["https:\/\/tiendachilevip.com\/wp-content\/uploads\/2023\/05\/3-17.png",794,1128,false],"thumbnail":["https:\/\/tiendachilevip.com\/wp-content\/uploads\/2023\/05\/3-17-150x150.png",150,150,true],"medium":["https:\/\/tiendachilevip.com\/wp-content\/uploads\/2023\/05\/3-17-211x300.png",211,300,true],"medium_large":["https:\/\/tiendachilevip.com\/wp-content\/uploads\/2023\/05\/3-17-768x1091.png",768,1091,true],"large":["https:\/\/tiendachilevip.com\/wp-content\/uploads\/2023\/05\/3-17-721x1024.png",721,1024,true],"1536x1536":["https:\/\/tiendachilevip.com\/wp-content\/uploads\/2023\/05\/3-17.png",794,1128,false],"2048x2048":["https:\/\/tiendachilevip.com\/wp-content\/uploads\/2023\/05\/3-17.png",794,1128,false],"woocommerce_thumbnail":["https:\/\/tiendachilevip.com\/wp-content\/uploads\/2023\/05\/3-17-300x300.png",300,300,true],"woocommerce_single":["https:\/\/tiendachilevip.com\/wp-content\/uploads\/2023\/05\/3-17-600x852.png",600,852,true],"woocommerce_gallery_thumbnail":["https:\/\/tiendachilevip.com\/wp-content\/uploads\/2023\/05\/3-17-100x100.png",100,100,true]},"uagb_author_info":{"display_name":"pablo lopez","author_link":"https:\/\/tiendachilevip.com\/?author=0"},"uagb_comment_info":0,"uagb_excerpt":"Caracter\u00edsticas: Las dimensiones internas y externas se pueden medir f\u00e1cil y con precisi\u00f3n con el sistema de medici\u00f3n capacitivo lineal. Puede ajustar la configuraci\u00f3n de cero en cualquier posici\u00f3n, con un peque\u00f1o tornillo de bloqueo que bloquea las mordazas en su lugar. Este calibrador vernier de pantalla LCD es vers\u00e1til, puede medir longitud, ancho, di\u00e1metro&hellip;","_links":{"self":[{"href":"https:\/\/tiendachilevip.com\/index.php?rest_route=\/wp\/v2\/product\/1286","targetHints":{"allow":["GET"]}}],"collection":[{"href":"https:\/\/tiendachilevip.com\/index.php?rest_route=\/wp\/v2\/product"}],"about":[{"href":"https:\/\/tiendachilevip.com\/index.php?rest_route=\/wp\/v2\/types\/product"}],"replies":[{"embeddable":true,"href":"https:\/\/tiendachilevip.com\/index.php?rest_route=%2Fwp%2Fv2%2Fcomments&post=1286"}],"wp:featuredmedia":[{"embeddable":true,"href":"https:\/\/tiendachilevip.com\/index.php?rest_route=\/wp\/v2\/media\/1289"}],"wp:attachment":[{"href":"https:\/\/tiendachilevip.com\/index.php?rest_route=%2Fwp%2Fv2%2Fmedia&parent=1286"}],"wp:term":[{"taxonomy":"product_brand","embeddable":true,"href":"https:\/\/tiendachilevip.com\/index.php?rest_route=%2Fwp%2Fv2%2Fproduct_brand&post=1286"},{"taxonomy":"product_cat","embeddable":true,"href":"https:\/\/tiendachilevip.com\/index.php?rest_route=%2Fwp%2Fv2%2Fproduct_cat&post=1286"},{"taxonomy":"product_tag","embeddable":true,"href":"https:\/\/tiendachilevip.com\/index.php?rest_route=%2Fwp%2Fv2%2Fproduct_tag&post=1286"}],"curies":[{"name":"wp","href":"https:\/\/api.w.org\/{rel}","templated":true}]}}