{"id":1228,"date":"2023-05-02T20:59:04","date_gmt":"2023-05-03T00:59:04","guid":{"rendered":"https:\/\/tiendachilevip.com\/?post_type=product&#038;p=1228"},"modified":"2023-05-02T21:12:18","modified_gmt":"2023-05-03T01:12:18","slug":"luz-de-bicicleta-delantera-y-trasera","status":"publish","type":"product","link":"https:\/\/tiendachilevip.com\/?product=luz-de-bicicleta-delantera-y-trasera","title":{"rendered":"Luz De Bicicleta Delantera Y Trasera"},"content":{"rendered":"<p>Nota: 1 Las luces traseras se pueden cargar con USB<br \/>\n2La luz trasera est\u00e1 completamente cargada en 2h, y la luz trasera est\u00e1 siempre encendida durante 3h.<\/p>\n<p>3. \u00a1las luces traseras deben pulsar prolongadamente el bot\u00f3n para funcionar!<\/p>\n<p>Caracter\u00edsticas:<br \/>\nLuz trasera de bicicleta recargable por USB y corte autom\u00e1tico cuando est\u00e1 completamente cargada.<br \/>\nBater\u00eda de litio interna de alta calidad, solo necesita aproximadamente 2 horas para ser completa<br \/>\nCargado mientras se usa durante aproximadamente 12 horas.<br \/>\nLarga estabilidad brillante &#8212;- 2 horas<br \/>\nFlash lento &#8212;- 10 horas<br \/>\nS\u00faper Flash &#8212;- 6 horas<br \/>\nFlash estrobosc\u00f3pico &#8212;- 8 horas<br \/>\n4 modos: largo brillo, flash lento, flash de explosi\u00f3n y estrobosc\u00f3pico.<br \/>\nS\u00faper impermeable, te hace montar libremente independientemente de la lluvia.<br \/>\nLED de alto brillo y ahorro de energ\u00eda.<\/p>\n<p>Luz frontal (recargable por USB):<br \/>\nMaterial: PC + ABS<br \/>\nTama\u00f1o: Approx.65mmx29mmx23mm<br \/>\nFuente de luz: XPE 3W LED<br \/>\nColor de la luz: negro<br \/>\nSalida (m\u00e1ximo): 300LM<br \/>\nDistancia de iluminaci\u00f3n: 30-50 metros por la noche<br \/>\n3 modos de funcionamiento: alto-medio-estrobosc\u00f3pico<br \/>\nFuente de alimentaci\u00f3n: Bater\u00eda li-poly de 800mAh<br \/>\nTiempo de carga: Approx.3hours<br \/>\nTiempo de ejecuci\u00f3n:<br \/>\nAlto: 3 horas<br \/>\nMedio: 5 horas<br \/>\nIntermitente: 12 horas<br \/>\nAjuste del manillar: 20-40mm<\/p>\n<p>Luz trasera (recargable por USB):<br \/>\nTama\u00f1o: Approx.7.5 \u00d7 3 \u00d7 2cm<br \/>\nTipo de bombilla: LED<br \/>\nBrillo: 15 l\u00famenes<br \/>\nColor: rojo<br \/>\nLuz LED: blanco, rojo<br \/>\nPeso del paquete: Approx.50g<br \/>\nColocaci\u00f3n de montaje: sill\u00edn de bicicleta<br \/>\nDi\u00e1metro del tubo adecuado: aprox. 12-32mm<\/p>\n","protected":false},"excerpt":{"rendered":"<p>Nota: 1 Las luces traseras se pueden cargar con USB 2La luz trasera est\u00e1 completamente cargada en 2h, y la luz trasera est\u00e1 siempre encendida durante 3h. 3. \u00a1las luces traseras deben pulsar prolongadamente el bot\u00f3n para funcionar! Caracter\u00edsticas: Luz trasera de bicicleta recargable por USB y corte autom\u00e1tico cuando est\u00e1 completamente cargada. Bater\u00eda de [&hellip;]<\/p>\n","protected":false},"featured_media":1230,"comment_status":"open","ping_status":"closed","template":"","meta":{"_uag_custom_page_level_css":"","site-sidebar-layout":"default","site-content-layout":"","ast-site-content-layout":"default","site-content-style":"default","site-sidebar-style":"default","ast-global-header-display":"","ast-banner-title-visibility":"","ast-main-header-display":"","ast-hfb-above-header-display":"","ast-hfb-below-header-display":"","ast-hfb-mobile-header-display":"","site-post-title":"","ast-breadcrumbs-content":"","ast-featured-img":"","footer-sml-layout":"","ast-disable-related-posts":"","theme-transparent-header-meta":"","adv-header-id-meta":"","stick-header-meta":"","header-above-stick-meta":"","header-main-stick-meta":"","header-below-stick-meta":"","astra-migrate-meta-layouts":"default","ast-page-background-enabled":"default","ast-page-background-meta":{"desktop":{"background-color":"","background-image":"","background-repeat":"repeat","background-position":"center center","background-size":"auto","background-attachment":"scroll","background-type":"","background-media":"","overlay-type":"","overlay-color":"","overlay-opacity":"","overlay-gradient":""},"tablet":{"background-color":"","background-image":"","background-repeat":"repeat","background-position":"center center","background-size":"auto","background-attachment":"scroll","background-type":"","background-media":"","overlay-type":"","overlay-color":"","overlay-opacity":"","overlay-gradient":""},"mobile":{"background-color":"","background-image":"","background-repeat":"repeat","background-position":"center center","background-size":"auto","background-attachment":"scroll","background-type":"","background-media":"","overlay-type":"","overlay-color":"","overlay-opacity":"","overlay-gradient":""}},"ast-content-background-meta":{"desktop":{"background-color":"var(--ast-global-color-5)","background-image":"","background-repeat":"repeat","background-position":"center center","background-size":"auto","background-attachment":"scroll","background-type":"","background-media":"","overlay-type":"","overlay-color":"","overlay-opacity":"","overlay-gradient":""},"tablet":{"background-color":"var(--ast-global-color-5)","background-image":"","background-repeat":"repeat","background-position":"center center","background-size":"auto","background-attachment":"scroll","background-type":"","background-media":"","overlay-type":"","overlay-color":"","overlay-opacity":"","overlay-gradient":""},"mobile":{"background-color":"var(--ast-global-color-5)","background-image":"","background-repeat":"repeat","background-position":"center center","background-size":"auto","background-attachment":"scroll","background-type":"","background-media":"","overlay-type":"","overlay-color":"","overlay-opacity":"","overlay-gradient":""}},"_joinchat":[]},"product_brand":[],"product_cat":[44],"product_tag":[],"class_list":{"0":"post-1228","1":"product","2":"type-product","3":"status-publish","4":"has-post-thumbnail","6":"product_cat-bicicleta","7":"desktop-align-left","8":"tablet-align-left","9":"mobile-align-left","11":"first","12":"instock","13":"sale","14":"taxable","15":"shipping-taxable","16":"purchasable","17":"product-type-simple"},"uagb_featured_image_src":{"full":["https:\/\/tiendachilevip.com\/wp-content\/uploads\/2023\/05\/2-11.png",1000,1000,false],"thumbnail":["https:\/\/tiendachilevip.com\/wp-content\/uploads\/2023\/05\/2-11-150x150.png",150,150,true],"medium":["https:\/\/tiendachilevip.com\/wp-content\/uploads\/2023\/05\/2-11-300x300.png",300,300,true],"medium_large":["https:\/\/tiendachilevip.com\/wp-content\/uploads\/2023\/05\/2-11-768x768.png",768,768,true],"large":["https:\/\/tiendachilevip.com\/wp-content\/uploads\/2023\/05\/2-11.png",1000,1000,false],"1536x1536":["https:\/\/tiendachilevip.com\/wp-content\/uploads\/2023\/05\/2-11.png",1000,1000,false],"2048x2048":["https:\/\/tiendachilevip.com\/wp-content\/uploads\/2023\/05\/2-11.png",1000,1000,false],"woocommerce_thumbnail":["https:\/\/tiendachilevip.com\/wp-content\/uploads\/2023\/05\/2-11-300x300.png",300,300,true],"woocommerce_single":["https:\/\/tiendachilevip.com\/wp-content\/uploads\/2023\/05\/2-11-600x600.png",600,600,true],"woocommerce_gallery_thumbnail":["https:\/\/tiendachilevip.com\/wp-content\/uploads\/2023\/05\/2-11-100x100.png",100,100,true]},"uagb_author_info":{"display_name":"pablo lopez","author_link":"https:\/\/tiendachilevip.com\/?author=0"},"uagb_comment_info":0,"uagb_excerpt":"Nota: 1 Las luces traseras se pueden cargar con USB 2La luz trasera est\u00e1 completamente cargada en 2h, y la luz trasera est\u00e1 siempre encendida durante 3h. 3. \u00a1las luces traseras deben pulsar prolongadamente el bot\u00f3n para funcionar! Caracter\u00edsticas: Luz trasera de bicicleta recargable por USB y corte autom\u00e1tico cuando est\u00e1 completamente cargada. Bater\u00eda de&hellip;","_links":{"self":[{"href":"https:\/\/tiendachilevip.com\/index.php?rest_route=\/wp\/v2\/product\/1228","targetHints":{"allow":["GET"]}}],"collection":[{"href":"https:\/\/tiendachilevip.com\/index.php?rest_route=\/wp\/v2\/product"}],"about":[{"href":"https:\/\/tiendachilevip.com\/index.php?rest_route=\/wp\/v2\/types\/product"}],"replies":[{"embeddable":true,"href":"https:\/\/tiendachilevip.com\/index.php?rest_route=%2Fwp%2Fv2%2Fcomments&post=1228"}],"wp:featuredmedia":[{"embeddable":true,"href":"https:\/\/tiendachilevip.com\/index.php?rest_route=\/wp\/v2\/media\/1230"}],"wp:attachment":[{"href":"https:\/\/tiendachilevip.com\/index.php?rest_route=%2Fwp%2Fv2%2Fmedia&parent=1228"}],"wp:term":[{"taxonomy":"product_brand","embeddable":true,"href":"https:\/\/tiendachilevip.com\/index.php?rest_route=%2Fwp%2Fv2%2Fproduct_brand&post=1228"},{"taxonomy":"product_cat","embeddable":true,"href":"https:\/\/tiendachilevip.com\/index.php?rest_route=%2Fwp%2Fv2%2Fproduct_cat&post=1228"},{"taxonomy":"product_tag","embeddable":true,"href":"https:\/\/tiendachilevip.com\/index.php?rest_route=%2Fwp%2Fv2%2Fproduct_tag&post=1228"}],"curies":[{"name":"wp","href":"https:\/\/api.w.org\/{rel}","templated":true}]}}