{"id":1217,"date":"2023-05-02T20:51:10","date_gmt":"2023-05-03T00:51:10","guid":{"rendered":"https:\/\/tiendachilevip.com\/?post_type=product&#038;p=1217"},"modified":"2023-05-11T02:55:44","modified_gmt":"2023-05-11T06:55:44","slug":"llave-universal-2","status":"publish","type":"product","link":"https:\/\/tiendachilevip.com\/?product=llave-universal-2","title":{"rendered":"Llave Universal"},"content":{"rendered":"<p>Caracter\u00edsticas:<\/p>\n<p>Llave multifuncional autoajustable de doble cabeza.<\/p>\n<p>Ahorro de tiempo, eficiente, conveniente, Calidad industrial.<\/p>\n<p>El cuerpo de la placa est\u00e1 pulido y Chapado en su conjunto, lo cual es hermoso y no es f\u00e1cil de oxidar.<\/p>\n<p>Adecuado para desmontar tornillos de varias especificaciones.<\/p>\n<p>Es ampliamente utilizado en Ingenier\u00eda Mec\u00e1nica, reparaci\u00f3n de m\u00e1quinas, reparaci\u00f3n de autom\u00f3viles y otras industrias de mantenimiento relacionadas.<\/p>\n<p>Especificaciones:<\/p>\n<p>Material: acero al cromo vanadio<\/p>\n<p>Longitud del producto: 150MM\/160MM<\/p>\n<p>Grosor del producto: 5mm<\/p>\n<p>Rango de uso: 3-17MM\/8-22MM<\/p>\n<p>Peso del producto: 0,05 KG<\/p>\n<p>El paquete incluye:<\/p>\n<p>1 * llave multifuncional autoajustable de doble cabeza<\/p>\n","protected":false},"excerpt":{"rendered":"<p>Caracter\u00edsticas: Llave multifuncional autoajustable de doble cabeza. Ahorro de tiempo, eficiente, conveniente, Calidad industrial. El cuerpo de la placa est\u00e1 pulido y Chapado en su conjunto, lo cual es hermoso y no es f\u00e1cil de oxidar. Adecuado para desmontar tornillos de varias especificaciones. Es ampliamente utilizado en Ingenier\u00eda Mec\u00e1nica, reparaci\u00f3n de m\u00e1quinas, reparaci\u00f3n de autom\u00f3viles [&hellip;]<\/p>\n","protected":false},"featured_media":1221,"comment_status":"open","ping_status":"closed","template":"","meta":{"_uag_custom_page_level_css":"","site-sidebar-layout":"default","site-content-layout":"","ast-site-content-layout":"default","site-content-style":"default","site-sidebar-style":"default","ast-global-header-display":"","ast-banner-title-visibility":"","ast-main-header-display":"","ast-hfb-above-header-display":"","ast-hfb-below-header-display":"","ast-hfb-mobile-header-display":"","site-post-title":"","ast-breadcrumbs-content":"","ast-featured-img":"","footer-sml-layout":"","ast-disable-related-posts":"","theme-transparent-header-meta":"","adv-header-id-meta":"","stick-header-meta":"","header-above-stick-meta":"","header-main-stick-meta":"","header-below-stick-meta":"","astra-migrate-meta-layouts":"default","ast-page-background-enabled":"default","ast-page-background-meta":{"desktop":{"background-color":"","background-image":"","background-repeat":"repeat","background-position":"center center","background-size":"auto","background-attachment":"scroll","background-type":"","background-media":"","overlay-type":"","overlay-color":"","overlay-opacity":"","overlay-gradient":""},"tablet":{"background-color":"","background-image":"","background-repeat":"repeat","background-position":"center center","background-size":"auto","background-attachment":"scroll","background-type":"","background-media":"","overlay-type":"","overlay-color":"","overlay-opacity":"","overlay-gradient":""},"mobile":{"background-color":"","background-image":"","background-repeat":"repeat","background-position":"center center","background-size":"auto","background-attachment":"scroll","background-type":"","background-media":"","overlay-type":"","overlay-color":"","overlay-opacity":"","overlay-gradient":""}},"ast-content-background-meta":{"desktop":{"background-color":"var(--ast-global-color-5)","background-image":"","background-repeat":"repeat","background-position":"center center","background-size":"auto","background-attachment":"scroll","background-type":"","background-media":"","overlay-type":"","overlay-color":"","overlay-opacity":"","overlay-gradient":""},"tablet":{"background-color":"var(--ast-global-color-5)","background-image":"","background-repeat":"repeat","background-position":"center center","background-size":"auto","background-attachment":"scroll","background-type":"","background-media":"","overlay-type":"","overlay-color":"","overlay-opacity":"","overlay-gradient":""},"mobile":{"background-color":"var(--ast-global-color-5)","background-image":"","background-repeat":"repeat","background-position":"center center","background-size":"auto","background-attachment":"scroll","background-type":"","background-media":"","overlay-type":"","overlay-color":"","overlay-opacity":"","overlay-gradient":""}},"_joinchat":[]},"product_brand":[],"product_cat":[26],"product_tag":[],"class_list":{"0":"post-1217","1":"product","2":"type-product","3":"status-publish","4":"has-post-thumbnail","6":"product_cat-herramientas","7":"desktop-align-left","8":"tablet-align-left","9":"mobile-align-left","11":"first","12":"outofstock","13":"sale","14":"taxable","15":"shipping-taxable","16":"purchasable","17":"product-type-simple"},"uagb_featured_image_src":{"full":["https:\/\/tiendachilevip.com\/wp-content\/uploads\/2023\/05\/4-11.png",790,1187,false],"thumbnail":["https:\/\/tiendachilevip.com\/wp-content\/uploads\/2023\/05\/4-11-150x150.png",150,150,true],"medium":["https:\/\/tiendachilevip.com\/wp-content\/uploads\/2023\/05\/4-11-200x300.png",200,300,true],"medium_large":["https:\/\/tiendachilevip.com\/wp-content\/uploads\/2023\/05\/4-11-768x1154.png",768,1154,true],"large":["https:\/\/tiendachilevip.com\/wp-content\/uploads\/2023\/05\/4-11-682x1024.png",682,1024,true],"1536x1536":["https:\/\/tiendachilevip.com\/wp-content\/uploads\/2023\/05\/4-11.png",790,1187,false],"2048x2048":["https:\/\/tiendachilevip.com\/wp-content\/uploads\/2023\/05\/4-11.png",790,1187,false],"woocommerce_thumbnail":["https:\/\/tiendachilevip.com\/wp-content\/uploads\/2023\/05\/4-11-300x300.png",300,300,true],"woocommerce_single":["https:\/\/tiendachilevip.com\/wp-content\/uploads\/2023\/05\/4-11-600x902.png",600,902,true],"woocommerce_gallery_thumbnail":["https:\/\/tiendachilevip.com\/wp-content\/uploads\/2023\/05\/4-11-100x100.png",100,100,true]},"uagb_author_info":{"display_name":"pablo lopez","author_link":"https:\/\/tiendachilevip.com\/?author=0"},"uagb_comment_info":0,"uagb_excerpt":"Caracter\u00edsticas: Llave multifuncional autoajustable de doble cabeza. Ahorro de tiempo, eficiente, conveniente, Calidad industrial. El cuerpo de la placa est\u00e1 pulido y Chapado en su conjunto, lo cual es hermoso y no es f\u00e1cil de oxidar. Adecuado para desmontar tornillos de varias especificaciones. Es ampliamente utilizado en Ingenier\u00eda Mec\u00e1nica, reparaci\u00f3n de m\u00e1quinas, reparaci\u00f3n de autom\u00f3viles&hellip;","_links":{"self":[{"href":"https:\/\/tiendachilevip.com\/index.php?rest_route=\/wp\/v2\/product\/1217","targetHints":{"allow":["GET"]}}],"collection":[{"href":"https:\/\/tiendachilevip.com\/index.php?rest_route=\/wp\/v2\/product"}],"about":[{"href":"https:\/\/tiendachilevip.com\/index.php?rest_route=\/wp\/v2\/types\/product"}],"replies":[{"embeddable":true,"href":"https:\/\/tiendachilevip.com\/index.php?rest_route=%2Fwp%2Fv2%2Fcomments&post=1217"}],"wp:featuredmedia":[{"embeddable":true,"href":"https:\/\/tiendachilevip.com\/index.php?rest_route=\/wp\/v2\/media\/1221"}],"wp:attachment":[{"href":"https:\/\/tiendachilevip.com\/index.php?rest_route=%2Fwp%2Fv2%2Fmedia&parent=1217"}],"wp:term":[{"taxonomy":"product_brand","embeddable":true,"href":"https:\/\/tiendachilevip.com\/index.php?rest_route=%2Fwp%2Fv2%2Fproduct_brand&post=1217"},{"taxonomy":"product_cat","embeddable":true,"href":"https:\/\/tiendachilevip.com\/index.php?rest_route=%2Fwp%2Fv2%2Fproduct_cat&post=1217"},{"taxonomy":"product_tag","embeddable":true,"href":"https:\/\/tiendachilevip.com\/index.php?rest_route=%2Fwp%2Fv2%2Fproduct_tag&post=1217"}],"curies":[{"name":"wp","href":"https:\/\/api.w.org\/{rel}","templated":true}]}}