{"id":1208,"date":"2023-05-02T20:01:36","date_gmt":"2023-05-03T00:01:36","guid":{"rendered":"https:\/\/tiendachilevip.com\/?post_type=product&#038;p=1208"},"modified":"2023-05-02T20:44:04","modified_gmt":"2023-05-03T00:44:04","slug":"llave-universal","status":"publish","type":"product","link":"https:\/\/tiendachilevip.com\/?product=llave-universal","title":{"rendered":"Llave Universal"},"content":{"rendered":"<p>Caracter\u00edsticas:<\/p>\n<p>La multiherramienta de acero inoxidable 18 en 1 fue dise\u00f1ada originalmente como Una multiherramienta de snowboard.<\/p>\n<p>Puede usarlo para abrir botellas, girar tornillos, fijar esqu\u00eds y bicicletas, cortar cajas, etc.<\/p>\n<p>Se puede utilizar como regalo de cumplea\u00f1os o regalo de vacaciones para amigos y familiares a los que les gusta acampar, actividades al aire libre y dise\u00f1o de herramientas. Este ser\u00e1 un regalo muy sorprendente.<\/p>\n<p>F\u00e1cil de llevar<\/p>\n<p>Es muy adecuado para esconder en bolsillos, guanteras, monederos, mochilas o colgar en llaveros.<\/p>\n<p>Dise\u00f1o \u00fanico de copo de nieve<\/p>\n<p>La herramienta multifunci\u00f3n Snowflake es la primera opci\u00f3n para los entusiastas del ej\u00e9rcito y las herramientas EDC al aire libre.<\/p>\n<p>Especificaciones:<\/p>\n<p>La elegante herramienta multifunci\u00f3n de copo de nieve es la herramienta integral perfecta<\/p>\n<p>Material: acero inoxidable, mano de obra exquisita.<\/p>\n<p>Di\u00e1metro: 2,5 pulgadas<\/p>\n<p>Peso: 80 gramos<\/p>\n<p>Color: plata\/Negro\/multicolor\/oro<\/p>\n<p>ESTILO: 8 \u00e1ngulos<\/p>\n","protected":false},"excerpt":{"rendered":"<p>Caracter\u00edsticas: La multiherramienta de acero inoxidable 18 en 1 fue dise\u00f1ada originalmente como Una multiherramienta de snowboard. Puede usarlo para abrir botellas, girar tornillos, fijar esqu\u00eds y bicicletas, cortar cajas, etc. Se puede utilizar como regalo de cumplea\u00f1os o regalo de vacaciones para amigos y familiares a los que les gusta acampar, actividades al aire [&hellip;]<\/p>\n","protected":false},"featured_media":1209,"comment_status":"open","ping_status":"closed","template":"","meta":{"_uag_custom_page_level_css":"","site-sidebar-layout":"default","site-content-layout":"","ast-site-content-layout":"default","site-content-style":"default","site-sidebar-style":"default","ast-global-header-display":"","ast-banner-title-visibility":"","ast-main-header-display":"","ast-hfb-above-header-display":"","ast-hfb-below-header-display":"","ast-hfb-mobile-header-display":"","site-post-title":"","ast-breadcrumbs-content":"","ast-featured-img":"","footer-sml-layout":"","ast-disable-related-posts":"","theme-transparent-header-meta":"","adv-header-id-meta":"","stick-header-meta":"","header-above-stick-meta":"","header-main-stick-meta":"","header-below-stick-meta":"","astra-migrate-meta-layouts":"default","ast-page-background-enabled":"default","ast-page-background-meta":{"desktop":{"background-color":"","background-image":"","background-repeat":"repeat","background-position":"center center","background-size":"auto","background-attachment":"scroll","background-type":"","background-media":"","overlay-type":"","overlay-color":"","overlay-opacity":"","overlay-gradient":""},"tablet":{"background-color":"","background-image":"","background-repeat":"repeat","background-position":"center center","background-size":"auto","background-attachment":"scroll","background-type":"","background-media":"","overlay-type":"","overlay-color":"","overlay-opacity":"","overlay-gradient":""},"mobile":{"background-color":"","background-image":"","background-repeat":"repeat","background-position":"center center","background-size":"auto","background-attachment":"scroll","background-type":"","background-media":"","overlay-type":"","overlay-color":"","overlay-opacity":"","overlay-gradient":""}},"ast-content-background-meta":{"desktop":{"background-color":"var(--ast-global-color-5)","background-image":"","background-repeat":"repeat","background-position":"center center","background-size":"auto","background-attachment":"scroll","background-type":"","background-media":"","overlay-type":"","overlay-color":"","overlay-opacity":"","overlay-gradient":""},"tablet":{"background-color":"var(--ast-global-color-5)","background-image":"","background-repeat":"repeat","background-position":"center center","background-size":"auto","background-attachment":"scroll","background-type":"","background-media":"","overlay-type":"","overlay-color":"","overlay-opacity":"","overlay-gradient":""},"mobile":{"background-color":"var(--ast-global-color-5)","background-image":"","background-repeat":"repeat","background-position":"center center","background-size":"auto","background-attachment":"scroll","background-type":"","background-media":"","overlay-type":"","overlay-color":"","overlay-opacity":"","overlay-gradient":""}},"_joinchat":[]},"product_brand":[],"product_cat":[28],"product_tag":[],"class_list":{"0":"post-1208","1":"product","2":"type-product","3":"status-publish","4":"has-post-thumbnail","6":"product_cat-joyas","7":"desktop-align-left","8":"tablet-align-left","9":"mobile-align-left","11":"first","12":"instock","13":"sale","14":"taxable","15":"shipping-taxable","16":"purchasable","17":"product-type-simple"},"uagb_featured_image_src":{"full":["https:\/\/tiendachilevip.com\/wp-content\/uploads\/2023\/05\/1-10.png",796,794,false],"thumbnail":["https:\/\/tiendachilevip.com\/wp-content\/uploads\/2023\/05\/1-10-150x150.png",150,150,true],"medium":["https:\/\/tiendachilevip.com\/wp-content\/uploads\/2023\/05\/1-10-300x300.png",300,300,true],"medium_large":["https:\/\/tiendachilevip.com\/wp-content\/uploads\/2023\/05\/1-10-768x766.png",768,766,true],"large":["https:\/\/tiendachilevip.com\/wp-content\/uploads\/2023\/05\/1-10.png",796,794,false],"1536x1536":["https:\/\/tiendachilevip.com\/wp-content\/uploads\/2023\/05\/1-10.png",796,794,false],"2048x2048":["https:\/\/tiendachilevip.com\/wp-content\/uploads\/2023\/05\/1-10.png",796,794,false],"woocommerce_thumbnail":["https:\/\/tiendachilevip.com\/wp-content\/uploads\/2023\/05\/1-10-300x300.png",300,300,true],"woocommerce_single":["https:\/\/tiendachilevip.com\/wp-content\/uploads\/2023\/05\/1-10-600x598.png",600,598,true],"woocommerce_gallery_thumbnail":["https:\/\/tiendachilevip.com\/wp-content\/uploads\/2023\/05\/1-10-100x100.png",100,100,true]},"uagb_author_info":{"display_name":"pablo lopez","author_link":"https:\/\/tiendachilevip.com\/?author=0"},"uagb_comment_info":0,"uagb_excerpt":"Caracter\u00edsticas: La multiherramienta de acero inoxidable 18 en 1 fue dise\u00f1ada originalmente como Una multiherramienta de snowboard. Puede usarlo para abrir botellas, girar tornillos, fijar esqu\u00eds y bicicletas, cortar cajas, etc. Se puede utilizar como regalo de cumplea\u00f1os o regalo de vacaciones para amigos y familiares a los que les gusta acampar, actividades al aire&hellip;","_links":{"self":[{"href":"https:\/\/tiendachilevip.com\/index.php?rest_route=\/wp\/v2\/product\/1208","targetHints":{"allow":["GET"]}}],"collection":[{"href":"https:\/\/tiendachilevip.com\/index.php?rest_route=\/wp\/v2\/product"}],"about":[{"href":"https:\/\/tiendachilevip.com\/index.php?rest_route=\/wp\/v2\/types\/product"}],"replies":[{"embeddable":true,"href":"https:\/\/tiendachilevip.com\/index.php?rest_route=%2Fwp%2Fv2%2Fcomments&post=1208"}],"wp:featuredmedia":[{"embeddable":true,"href":"https:\/\/tiendachilevip.com\/index.php?rest_route=\/wp\/v2\/media\/1209"}],"wp:attachment":[{"href":"https:\/\/tiendachilevip.com\/index.php?rest_route=%2Fwp%2Fv2%2Fmedia&parent=1208"}],"wp:term":[{"taxonomy":"product_brand","embeddable":true,"href":"https:\/\/tiendachilevip.com\/index.php?rest_route=%2Fwp%2Fv2%2Fproduct_brand&post=1208"},{"taxonomy":"product_cat","embeddable":true,"href":"https:\/\/tiendachilevip.com\/index.php?rest_route=%2Fwp%2Fv2%2Fproduct_cat&post=1208"},{"taxonomy":"product_tag","embeddable":true,"href":"https:\/\/tiendachilevip.com\/index.php?rest_route=%2Fwp%2Fv2%2Fproduct_tag&post=1208"}],"curies":[{"name":"wp","href":"https:\/\/api.w.org\/{rel}","templated":true}]}}