{"id":1202,"date":"2023-05-02T19:49:19","date_gmt":"2023-05-02T23:49:19","guid":{"rendered":"https:\/\/tiendachilevip.com\/?post_type=product&#038;p=1202"},"modified":"2023-05-03T12:30:38","modified_gmt":"2023-05-03T16:30:38","slug":"linterna-de-bolsillo","status":"publish","type":"product","link":"https:\/\/tiendachilevip.com\/?product=linterna-de-bolsillo","title":{"rendered":"Linterna De Bolsillo"},"content":{"rendered":"<p>Tipo de fuente de luz: L\u00e1mpara COB 30<br \/>\nTiempo de carga: 1,5-6 horas<br \/>\nM\u00e9todo de carga: carga tipo C<br \/>\nTiempo de iluminaci\u00f3n: (1,5 horas)<br \/>\nL\u00famenes: 500-1200 l\u00famenes<br \/>\nCapacidad de la bater\u00eda: 200MAH 300mAh 500mAh<br \/>\nCaracter\u00edstica:<br \/>\nLUZ COB SUPER BRILLANTE: la luz del llavero cuenta con potentes LED que proporcionan hasta 600 l\u00famenes de iluminaci\u00f3n mientras mantienen un tama\u00f1o port\u00e1til y un dise\u00f1o simple.<\/p>\n<p>4 modos de iluminaci\u00f3n: Nuestra linterna de llavero tiene 4 modos de iluminaci\u00f3n: modo alto COB, modo bajo COB, modo estrobosc\u00f3pico COB, presione el bot\u00f3n durante 2-3 segundos para obtener el mayor brillo.<\/p>\n<p>Dise\u00f1o port\u00e1til: La base magn\u00e9tica resistente y el mango giratorio le permiten relajar las manos mientras trabaja. Los imanes le permiten conectar la luz a cualquier metal, y el mango plegable de 180 grados le permite colocar la luz en diferentes \u00e1ngulos o colgarla en alg\u00fan lugar.<\/p>\n<p>USB recargable: Cuando necesite cargar, simplemente conecte una fuente de alimentaci\u00f3n USB. Esta linterna USB recargable est\u00e1 alimentada por una bater\u00eda recargable incorporada de gran capacidad, que incluye un cable de carga micro USB.<\/p>\n<p>Uso en el campo: linterna port\u00e1til con llavero, soporte plegable, abrebotellas y soporte magn\u00e9tico. Uso para pesca, senderismo y camping, sacacorchos, mantenimiento de carreteras de emergencia o trabajo multiusos, etc.<\/p>\n","protected":false},"excerpt":{"rendered":"<p>Tipo de fuente de luz: L\u00e1mpara COB 30 Tiempo de carga: 1,5-6 horas M\u00e9todo de carga: carga tipo C Tiempo de iluminaci\u00f3n: (1,5 horas) L\u00famenes: 500-1200 l\u00famenes Capacidad de la bater\u00eda: 200MAH 300mAh 500mAh Caracter\u00edstica: LUZ COB SUPER BRILLANTE: la luz del llavero cuenta con potentes LED que proporcionan hasta 600 l\u00famenes de iluminaci\u00f3n mientras [&hellip;]<\/p>\n","protected":false},"featured_media":1205,"comment_status":"open","ping_status":"closed","template":"","meta":{"_uag_custom_page_level_css":"","site-sidebar-layout":"default","site-content-layout":"","ast-site-content-layout":"default","site-content-style":"default","site-sidebar-style":"default","ast-global-header-display":"","ast-banner-title-visibility":"","ast-main-header-display":"","ast-hfb-above-header-display":"","ast-hfb-below-header-display":"","ast-hfb-mobile-header-display":"","site-post-title":"","ast-breadcrumbs-content":"","ast-featured-img":"","footer-sml-layout":"","ast-disable-related-posts":"","theme-transparent-header-meta":"","adv-header-id-meta":"","stick-header-meta":"","header-above-stick-meta":"","header-main-stick-meta":"","header-below-stick-meta":"","astra-migrate-meta-layouts":"default","ast-page-background-enabled":"default","ast-page-background-meta":{"desktop":{"background-color":"","background-image":"","background-repeat":"repeat","background-position":"center center","background-size":"auto","background-attachment":"scroll","background-type":"","background-media":"","overlay-type":"","overlay-color":"","overlay-opacity":"","overlay-gradient":""},"tablet":{"background-color":"","background-image":"","background-repeat":"repeat","background-position":"center center","background-size":"auto","background-attachment":"scroll","background-type":"","background-media":"","overlay-type":"","overlay-color":"","overlay-opacity":"","overlay-gradient":""},"mobile":{"background-color":"","background-image":"","background-repeat":"repeat","background-position":"center center","background-size":"auto","background-attachment":"scroll","background-type":"","background-media":"","overlay-type":"","overlay-color":"","overlay-opacity":"","overlay-gradient":""}},"ast-content-background-meta":{"desktop":{"background-color":"var(--ast-global-color-5)","background-image":"","background-repeat":"repeat","background-position":"center center","background-size":"auto","background-attachment":"scroll","background-type":"","background-media":"","overlay-type":"","overlay-color":"","overlay-opacity":"","overlay-gradient":""},"tablet":{"background-color":"var(--ast-global-color-5)","background-image":"","background-repeat":"repeat","background-position":"center center","background-size":"auto","background-attachment":"scroll","background-type":"","background-media":"","overlay-type":"","overlay-color":"","overlay-opacity":"","overlay-gradient":""},"mobile":{"background-color":"var(--ast-global-color-5)","background-image":"","background-repeat":"repeat","background-position":"center center","background-size":"auto","background-attachment":"scroll","background-type":"","background-media":"","overlay-type":"","overlay-color":"","overlay-opacity":"","overlay-gradient":""}},"_joinchat":[]},"product_brand":[],"product_cat":[54],"product_tag":[],"class_list":{"0":"post-1202","1":"product","2":"type-product","3":"status-publish","4":"has-post-thumbnail","6":"product_cat-camping","7":"desktop-align-left","8":"tablet-align-left","9":"mobile-align-left","11":"first","12":"instock","13":"sale","14":"taxable","15":"shipping-taxable","16":"purchasable","17":"product-type-simple"},"uagb_featured_image_src":{"full":["https:\/\/tiendachilevip.com\/wp-content\/uploads\/2023\/05\/3-9.png",954,857,false],"thumbnail":["https:\/\/tiendachilevip.com\/wp-content\/uploads\/2023\/05\/3-9-150x150.png",150,150,true],"medium":["https:\/\/tiendachilevip.com\/wp-content\/uploads\/2023\/05\/3-9-300x269.png",300,269,true],"medium_large":["https:\/\/tiendachilevip.com\/wp-content\/uploads\/2023\/05\/3-9-768x690.png",768,690,true],"large":["https:\/\/tiendachilevip.com\/wp-content\/uploads\/2023\/05\/3-9.png",954,857,false],"1536x1536":["https:\/\/tiendachilevip.com\/wp-content\/uploads\/2023\/05\/3-9.png",954,857,false],"2048x2048":["https:\/\/tiendachilevip.com\/wp-content\/uploads\/2023\/05\/3-9.png",954,857,false],"woocommerce_thumbnail":["https:\/\/tiendachilevip.com\/wp-content\/uploads\/2023\/05\/3-9-300x300.png",300,300,true],"woocommerce_single":["https:\/\/tiendachilevip.com\/wp-content\/uploads\/2023\/05\/3-9-600x539.png",600,539,true],"woocommerce_gallery_thumbnail":["https:\/\/tiendachilevip.com\/wp-content\/uploads\/2023\/05\/3-9-100x100.png",100,100,true]},"uagb_author_info":{"display_name":"pablo lopez","author_link":"https:\/\/tiendachilevip.com\/?author=0"},"uagb_comment_info":0,"uagb_excerpt":"Tipo de fuente de luz: L\u00e1mpara COB 30 Tiempo de carga: 1,5-6 horas M\u00e9todo de carga: carga tipo C Tiempo de iluminaci\u00f3n: (1,5 horas) L\u00famenes: 500-1200 l\u00famenes Capacidad de la bater\u00eda: 200MAH 300mAh 500mAh Caracter\u00edstica: LUZ COB SUPER BRILLANTE: la luz del llavero cuenta con potentes LED que proporcionan hasta 600 l\u00famenes de iluminaci\u00f3n mientras&hellip;","_links":{"self":[{"href":"https:\/\/tiendachilevip.com\/index.php?rest_route=\/wp\/v2\/product\/1202","targetHints":{"allow":["GET"]}}],"collection":[{"href":"https:\/\/tiendachilevip.com\/index.php?rest_route=\/wp\/v2\/product"}],"about":[{"href":"https:\/\/tiendachilevip.com\/index.php?rest_route=\/wp\/v2\/types\/product"}],"replies":[{"embeddable":true,"href":"https:\/\/tiendachilevip.com\/index.php?rest_route=%2Fwp%2Fv2%2Fcomments&post=1202"}],"wp:featuredmedia":[{"embeddable":true,"href":"https:\/\/tiendachilevip.com\/index.php?rest_route=\/wp\/v2\/media\/1205"}],"wp:attachment":[{"href":"https:\/\/tiendachilevip.com\/index.php?rest_route=%2Fwp%2Fv2%2Fmedia&parent=1202"}],"wp:term":[{"taxonomy":"product_brand","embeddable":true,"href":"https:\/\/tiendachilevip.com\/index.php?rest_route=%2Fwp%2Fv2%2Fproduct_brand&post=1202"},{"taxonomy":"product_cat","embeddable":true,"href":"https:\/\/tiendachilevip.com\/index.php?rest_route=%2Fwp%2Fv2%2Fproduct_cat&post=1202"},{"taxonomy":"product_tag","embeddable":true,"href":"https:\/\/tiendachilevip.com\/index.php?rest_route=%2Fwp%2Fv2%2Fproduct_tag&post=1202"}],"curies":[{"name":"wp","href":"https:\/\/api.w.org\/{rel}","templated":true}]}}