{"id":1193,"date":"2023-05-02T19:46:32","date_gmt":"2023-05-02T23:46:32","guid":{"rendered":"https:\/\/tiendachilevip.com\/?post_type=product&#038;p=1193"},"modified":"2023-05-02T19:48:30","modified_gmt":"2023-05-02T23:48:30","slug":"linterna-led-de-bolsillo","status":"publish","type":"product","link":"https:\/\/tiendachilevip.com\/?product=linterna-led-de-bolsillo","title":{"rendered":"Linterna Led De Bolsillo"},"content":{"rendered":"<p>1&#215;3 modo g3 990000lm<\/p>\n<p>G3 lanterna modo 3<br \/>\nLanterna<br \/>\nMaterial: ABS<br \/>\nFuente de luz: LED<br \/>\nContas de luz: G3<br \/>\nPot\u00eancia: 1W<br \/>\nLumen: 9900000lm<br \/>\nCDR: branco<br \/>\nModos: forte-fraco-flash<br \/>\nDist\u00e2ncia da iluminaci\u00f3n: 200-500 m<br \/>\nTiempo de iluminaci\u00f3n de cont\u00ednua: 6h-8h<br \/>\nN\u00edvel imperme\u00e1vel: IPX6<br \/>\nM\u00e9todo de carregamento: carregamento usb<br \/>\nTamanho claro: 123mm * 25mm * 25mm<br \/>\nCaracter\u00edsticas: \u00e0 prova de queda e \u00e0 prova de press\u00e3o<br \/>\nAmbiente aplic\u00e1vel: exterior repara\u00e7\u00e3o de caminhadas&#8230; acampamento de busca de transporte diario&#8230;<\/p>\n","protected":false},"excerpt":{"rendered":"<p>1&#215;3 modo g3 990000lm G3 lanterna modo 3 Lanterna Material: ABS Fuente de luz: LED Contas de luz: G3 Pot\u00eancia: 1W Lumen: 9900000lm CDR: branco Modos: forte-fraco-flash Dist\u00e2ncia da iluminaci\u00f3n: 200-500 m Tiempo de iluminaci\u00f3n de cont\u00ednua: 6h-8h N\u00edvel imperme\u00e1vel: IPX6 M\u00e9todo de carregamento: carregamento usb Tamanho claro: 123mm * 25mm * 25mm Caracter\u00edsticas: \u00e0 [&hellip;]<\/p>\n","protected":false},"featured_media":1194,"comment_status":"open","ping_status":"closed","template":"","meta":{"_uag_custom_page_level_css":"","site-sidebar-layout":"default","site-content-layout":"","ast-site-content-layout":"default","site-content-style":"default","site-sidebar-style":"default","ast-global-header-display":"","ast-banner-title-visibility":"","ast-main-header-display":"","ast-hfb-above-header-display":"","ast-hfb-below-header-display":"","ast-hfb-mobile-header-display":"","site-post-title":"","ast-breadcrumbs-content":"","ast-featured-img":"","footer-sml-layout":"","ast-disable-related-posts":"","theme-transparent-header-meta":"","adv-header-id-meta":"","stick-header-meta":"","header-above-stick-meta":"","header-main-stick-meta":"","header-below-stick-meta":"","astra-migrate-meta-layouts":"default","ast-page-background-enabled":"default","ast-page-background-meta":{"desktop":{"background-color":"","background-image":"","background-repeat":"repeat","background-position":"center center","background-size":"auto","background-attachment":"scroll","background-type":"","background-media":"","overlay-type":"","overlay-color":"","overlay-opacity":"","overlay-gradient":""},"tablet":{"background-color":"","background-image":"","background-repeat":"repeat","background-position":"center center","background-size":"auto","background-attachment":"scroll","background-type":"","background-media":"","overlay-type":"","overlay-color":"","overlay-opacity":"","overlay-gradient":""},"mobile":{"background-color":"","background-image":"","background-repeat":"repeat","background-position":"center center","background-size":"auto","background-attachment":"scroll","background-type":"","background-media":"","overlay-type":"","overlay-color":"","overlay-opacity":"","overlay-gradient":""}},"ast-content-background-meta":{"desktop":{"background-color":"var(--ast-global-color-5)","background-image":"","background-repeat":"repeat","background-position":"center center","background-size":"auto","background-attachment":"scroll","background-type":"","background-media":"","overlay-type":"","overlay-color":"","overlay-opacity":"","overlay-gradient":""},"tablet":{"background-color":"var(--ast-global-color-5)","background-image":"","background-repeat":"repeat","background-position":"center center","background-size":"auto","background-attachment":"scroll","background-type":"","background-media":"","overlay-type":"","overlay-color":"","overlay-opacity":"","overlay-gradient":""},"mobile":{"background-color":"var(--ast-global-color-5)","background-image":"","background-repeat":"repeat","background-position":"center center","background-size":"auto","background-attachment":"scroll","background-type":"","background-media":"","overlay-type":"","overlay-color":"","overlay-opacity":"","overlay-gradient":""}},"_joinchat":[]},"product_brand":[],"product_cat":[26],"product_tag":[],"class_list":{"0":"post-1193","1":"product","2":"type-product","3":"status-publish","4":"has-post-thumbnail","6":"product_cat-herramientas","7":"desktop-align-left","8":"tablet-align-left","9":"mobile-align-left","11":"first","12":"instock","13":"sale","14":"taxable","15":"shipping-taxable","16":"purchasable","17":"product-type-simple"},"uagb_featured_image_src":{"full":["https:\/\/tiendachilevip.com\/wp-content\/uploads\/2023\/05\/1-8.png",800,800,false],"thumbnail":["https:\/\/tiendachilevip.com\/wp-content\/uploads\/2023\/05\/1-8-150x150.png",150,150,true],"medium":["https:\/\/tiendachilevip.com\/wp-content\/uploads\/2023\/05\/1-8-300x300.png",300,300,true],"medium_large":["https:\/\/tiendachilevip.com\/wp-content\/uploads\/2023\/05\/1-8-768x768.png",768,768,true],"large":["https:\/\/tiendachilevip.com\/wp-content\/uploads\/2023\/05\/1-8.png",800,800,false],"1536x1536":["https:\/\/tiendachilevip.com\/wp-content\/uploads\/2023\/05\/1-8.png",800,800,false],"2048x2048":["https:\/\/tiendachilevip.com\/wp-content\/uploads\/2023\/05\/1-8.png",800,800,false],"woocommerce_thumbnail":["https:\/\/tiendachilevip.com\/wp-content\/uploads\/2023\/05\/1-8-300x300.png",300,300,true],"woocommerce_single":["https:\/\/tiendachilevip.com\/wp-content\/uploads\/2023\/05\/1-8-600x600.png",600,600,true],"woocommerce_gallery_thumbnail":["https:\/\/tiendachilevip.com\/wp-content\/uploads\/2023\/05\/1-8-100x100.png",100,100,true]},"uagb_author_info":{"display_name":"pablo lopez","author_link":"https:\/\/tiendachilevip.com\/?author=0"},"uagb_comment_info":0,"uagb_excerpt":"1&#215;3 modo g3 990000lm G3 lanterna modo 3 Lanterna Material: ABS Fuente de luz: LED Contas de luz: G3 Pot\u00eancia: 1W Lumen: 9900000lm CDR: branco Modos: forte-fraco-flash Dist\u00e2ncia da iluminaci\u00f3n: 200-500 m Tiempo de iluminaci\u00f3n de cont\u00ednua: 6h-8h N\u00edvel imperme\u00e1vel: IPX6 M\u00e9todo de carregamento: carregamento usb Tamanho claro: 123mm * 25mm * 25mm Caracter\u00edsticas: \u00e0&hellip;","_links":{"self":[{"href":"https:\/\/tiendachilevip.com\/index.php?rest_route=\/wp\/v2\/product\/1193","targetHints":{"allow":["GET"]}}],"collection":[{"href":"https:\/\/tiendachilevip.com\/index.php?rest_route=\/wp\/v2\/product"}],"about":[{"href":"https:\/\/tiendachilevip.com\/index.php?rest_route=\/wp\/v2\/types\/product"}],"replies":[{"embeddable":true,"href":"https:\/\/tiendachilevip.com\/index.php?rest_route=%2Fwp%2Fv2%2Fcomments&post=1193"}],"wp:featuredmedia":[{"embeddable":true,"href":"https:\/\/tiendachilevip.com\/index.php?rest_route=\/wp\/v2\/media\/1194"}],"wp:attachment":[{"href":"https:\/\/tiendachilevip.com\/index.php?rest_route=%2Fwp%2Fv2%2Fmedia&parent=1193"}],"wp:term":[{"taxonomy":"product_brand","embeddable":true,"href":"https:\/\/tiendachilevip.com\/index.php?rest_route=%2Fwp%2Fv2%2Fproduct_brand&post=1193"},{"taxonomy":"product_cat","embeddable":true,"href":"https:\/\/tiendachilevip.com\/index.php?rest_route=%2Fwp%2Fv2%2Fproduct_cat&post=1193"},{"taxonomy":"product_tag","embeddable":true,"href":"https:\/\/tiendachilevip.com\/index.php?rest_route=%2Fwp%2Fv2%2Fproduct_tag&post=1193"}],"curies":[{"name":"wp","href":"https:\/\/api.w.org\/{rel}","templated":true}]}}