{"id":1166,"date":"2023-05-01T21:23:43","date_gmt":"2023-05-02T01:23:43","guid":{"rendered":"https:\/\/tiendachilevip.com\/?post_type=product&#038;p=1166"},"modified":"2023-05-01T21:27:21","modified_gmt":"2023-05-02T01:27:21","slug":"linterna-de-cabeza","status":"publish","type":"product","link":"https:\/\/tiendachilevip.com\/?product=linterna-de-cabeza","title":{"rendered":"Linterna De Cabeza"},"content":{"rendered":"<p>Puedes encontrarlo m\u00e1s barato en tiendachilevip cl<br \/>\nEspecificaci\u00f3n:<\/p>\n<p>Fuente de luz: LED<\/p>\n<p>Distancia: 50-200<\/p>\n<p>Metros Peso: 80g<\/p>\n<p>Cuentas de l\u00e1mpara: iluminaci\u00f3n led<\/p>\n<p>Material: ABS<\/p>\n<p>Color de la luz: luz blanca<\/p>\n<p>Caracter\u00edsticas<\/p>\n<p>* 1. Ligero y mini faro es port\u00e1til y c\u00f3modo de llevar en la cabeza, libera tus manos Cuando exploras.<\/p>\n<p>* 2. Las fuentes de luz P900 mejoradas proporcionan ultra brillo y visibilidad incluso a 1000 metros de distancia (experimental).<\/p>\n<p>* 3. 4 modos de iluminaci\u00f3n disponibles, Encendido\/luz principal\/luz lateral\/estrobosc\u00f3pica, la bater\u00eda recargable de 1200mAh funciona mucho tiempo cada carga.<\/p>\n<p>* 4. La luz ajustable de 90 \u00b0 se puede girar para apuntar al \u00e1rea oscura, para brillar en la direcci\u00f3n que desee.<\/p>\n<p>* 5. La carcasa impermeable le permite ser los accesorios ideales para acampar, senderismo, pesca, aventura al aire libre.<\/p>\n<p>Paquete incluido:<\/p>\n<p>1 x faro delantero<\/p>\n<p>1 x Cable USB<\/p>\n","protected":false},"excerpt":{"rendered":"<p>Puedes encontrarlo m\u00e1s barato en tiendachilevip cl Especificaci\u00f3n: Fuente de luz: LED Distancia: 50-200 Metros Peso: 80g Cuentas de l\u00e1mpara: iluminaci\u00f3n led Material: ABS Color de la luz: luz blanca Caracter\u00edsticas * 1. Ligero y mini faro es port\u00e1til y c\u00f3modo de llevar en la cabeza, libera tus manos Cuando exploras. * 2. Las fuentes [&hellip;]<\/p>\n","protected":false},"featured_media":1173,"comment_status":"open","ping_status":"closed","template":"","meta":{"_uag_custom_page_level_css":"","site-sidebar-layout":"default","site-content-layout":"","ast-site-content-layout":"default","site-content-style":"default","site-sidebar-style":"default","ast-global-header-display":"","ast-banner-title-visibility":"","ast-main-header-display":"","ast-hfb-above-header-display":"","ast-hfb-below-header-display":"","ast-hfb-mobile-header-display":"","site-post-title":"","ast-breadcrumbs-content":"","ast-featured-img":"","footer-sml-layout":"","ast-disable-related-posts":"","theme-transparent-header-meta":"","adv-header-id-meta":"","stick-header-meta":"","header-above-stick-meta":"","header-main-stick-meta":"","header-below-stick-meta":"","astra-migrate-meta-layouts":"default","ast-page-background-enabled":"default","ast-page-background-meta":{"desktop":{"background-color":"","background-image":"","background-repeat":"repeat","background-position":"center center","background-size":"auto","background-attachment":"scroll","background-type":"","background-media":"","overlay-type":"","overlay-color":"","overlay-opacity":"","overlay-gradient":""},"tablet":{"background-color":"","background-image":"","background-repeat":"repeat","background-position":"center center","background-size":"auto","background-attachment":"scroll","background-type":"","background-media":"","overlay-type":"","overlay-color":"","overlay-opacity":"","overlay-gradient":""},"mobile":{"background-color":"","background-image":"","background-repeat":"repeat","background-position":"center center","background-size":"auto","background-attachment":"scroll","background-type":"","background-media":"","overlay-type":"","overlay-color":"","overlay-opacity":"","overlay-gradient":""}},"ast-content-background-meta":{"desktop":{"background-color":"var(--ast-global-color-5)","background-image":"","background-repeat":"repeat","background-position":"center center","background-size":"auto","background-attachment":"scroll","background-type":"","background-media":"","overlay-type":"","overlay-color":"","overlay-opacity":"","overlay-gradient":""},"tablet":{"background-color":"var(--ast-global-color-5)","background-image":"","background-repeat":"repeat","background-position":"center center","background-size":"auto","background-attachment":"scroll","background-type":"","background-media":"","overlay-type":"","overlay-color":"","overlay-opacity":"","overlay-gradient":""},"mobile":{"background-color":"var(--ast-global-color-5)","background-image":"","background-repeat":"repeat","background-position":"center center","background-size":"auto","background-attachment":"scroll","background-type":"","background-media":"","overlay-type":"","overlay-color":"","overlay-opacity":"","overlay-gradient":""}},"_joinchat":[]},"product_brand":[],"product_cat":[24],"product_tag":[],"class_list":{"0":"post-1166","1":"product","2":"type-product","3":"status-publish","4":"has-post-thumbnail","6":"product_cat-electronica","7":"desktop-align-left","8":"tablet-align-left","9":"mobile-align-left","11":"first","12":"instock","13":"sale","14":"taxable","15":"shipping-taxable","16":"purchasable","17":"product-type-simple"},"uagb_featured_image_src":{"full":["https:\/\/tiendachilevip.com\/wp-content\/uploads\/2023\/05\/9-1.png",801,800,false],"thumbnail":["https:\/\/tiendachilevip.com\/wp-content\/uploads\/2023\/05\/9-1-150x150.png",150,150,true],"medium":["https:\/\/tiendachilevip.com\/wp-content\/uploads\/2023\/05\/9-1-300x300.png",300,300,true],"medium_large":["https:\/\/tiendachilevip.com\/wp-content\/uploads\/2023\/05\/9-1-768x767.png",768,767,true],"large":["https:\/\/tiendachilevip.com\/wp-content\/uploads\/2023\/05\/9-1.png",801,800,false],"1536x1536":["https:\/\/tiendachilevip.com\/wp-content\/uploads\/2023\/05\/9-1.png",801,800,false],"2048x2048":["https:\/\/tiendachilevip.com\/wp-content\/uploads\/2023\/05\/9-1.png",801,800,false],"woocommerce_thumbnail":["https:\/\/tiendachilevip.com\/wp-content\/uploads\/2023\/05\/9-1-300x300.png",300,300,true],"woocommerce_single":["https:\/\/tiendachilevip.com\/wp-content\/uploads\/2023\/05\/9-1-600x599.png",600,599,true],"woocommerce_gallery_thumbnail":["https:\/\/tiendachilevip.com\/wp-content\/uploads\/2023\/05\/9-1-100x100.png",100,100,true]},"uagb_author_info":{"display_name":"pablo lopez","author_link":"https:\/\/tiendachilevip.com\/?author=0"},"uagb_comment_info":0,"uagb_excerpt":"Puedes encontrarlo m\u00e1s barato en tiendachilevip cl Especificaci\u00f3n: Fuente de luz: LED Distancia: 50-200 Metros Peso: 80g Cuentas de l\u00e1mpara: iluminaci\u00f3n led Material: ABS Color de la luz: luz blanca Caracter\u00edsticas * 1. Ligero y mini faro es port\u00e1til y c\u00f3modo de llevar en la cabeza, libera tus manos Cuando exploras. * 2. Las fuentes&hellip;","_links":{"self":[{"href":"https:\/\/tiendachilevip.com\/index.php?rest_route=\/wp\/v2\/product\/1166","targetHints":{"allow":["GET"]}}],"collection":[{"href":"https:\/\/tiendachilevip.com\/index.php?rest_route=\/wp\/v2\/product"}],"about":[{"href":"https:\/\/tiendachilevip.com\/index.php?rest_route=\/wp\/v2\/types\/product"}],"replies":[{"embeddable":true,"href":"https:\/\/tiendachilevip.com\/index.php?rest_route=%2Fwp%2Fv2%2Fcomments&post=1166"}],"wp:featuredmedia":[{"embeddable":true,"href":"https:\/\/tiendachilevip.com\/index.php?rest_route=\/wp\/v2\/media\/1173"}],"wp:attachment":[{"href":"https:\/\/tiendachilevip.com\/index.php?rest_route=%2Fwp%2Fv2%2Fmedia&parent=1166"}],"wp:term":[{"taxonomy":"product_brand","embeddable":true,"href":"https:\/\/tiendachilevip.com\/index.php?rest_route=%2Fwp%2Fv2%2Fproduct_brand&post=1166"},{"taxonomy":"product_cat","embeddable":true,"href":"https:\/\/tiendachilevip.com\/index.php?rest_route=%2Fwp%2Fv2%2Fproduct_cat&post=1166"},{"taxonomy":"product_tag","embeddable":true,"href":"https:\/\/tiendachilevip.com\/index.php?rest_route=%2Fwp%2Fv2%2Fproduct_tag&post=1166"}],"curies":[{"name":"wp","href":"https:\/\/api.w.org\/{rel}","templated":true}]}}