{"id":1157,"date":"2023-05-01T15:14:09","date_gmt":"2023-05-01T19:14:09","guid":{"rendered":"https:\/\/tiendachilevip.com\/?post_type=product&#038;p=1157"},"modified":"2023-05-01T15:31:59","modified_gmt":"2023-05-01T19:31:59","slug":"lampara-plegable","status":"publish","type":"product","link":"https:\/\/tiendachilevip.com\/?product=lampara-plegable","title":{"rendered":"Lampara plegable"},"content":{"rendered":"<p>Caracter\u00edsticas:<\/p>\n<p>Selecci\u00f3n rigurosa de materiales, control de calidad y preparaci\u00f3n cuidadosa de cada producto.<br \/>\nUsando o mais recien pavio led, economia de energ\u00eda, seguro y duradero, luz ampla, sem estrobosc\u00f3pio.<br \/>\nFolhas livremente estticadas, grande \u00e1rea, brilhante e econom\u00eda de energ\u00eda<br \/>\nMaterial de Cobertura transl\u00facida de pvc, alta transmisi\u00f3n, iluminaci\u00f3n uniforme; retardador de material de chama do ordenador, resistencia de alta temperatura, uso mais seguro de elecci\u00f3n.<br \/>\nPuede ser usado en grandes supermercados, casas, garagens, etc.<\/p>\n<p>Especificaci\u00f3n:<\/p>\n<p>Cor da luz: branco frio<br \/>\nTensi\u00f3n de entrada: 85-265v<br \/>\nMaterial: PC<br \/>\n\u00c2ngulo de feixe: 180 graus<br \/>\nTemperatura de cor: 6500k (branco frio)<br \/>\nPotencia: 28W<br \/>\nLugares aplicables: supermercado, interior, garaje, exterior, oficina, etc.<br \/>\nNota: una bateria hace un control remoto no est\u00e1 incluido.<\/p>\n","protected":false},"excerpt":{"rendered":"<p>Caracter\u00edsticas: Selecci\u00f3n rigurosa de materiales, control de calidad y preparaci\u00f3n cuidadosa de cada producto. Usando o mais recien pavio led, economia de energ\u00eda, seguro y duradero, luz ampla, sem estrobosc\u00f3pio. Folhas livremente estticadas, grande \u00e1rea, brilhante e econom\u00eda de energ\u00eda Material de Cobertura transl\u00facida de pvc, alta transmisi\u00f3n, iluminaci\u00f3n uniforme; retardador de material de chama [&hellip;]<\/p>\n","protected":false},"featured_media":1158,"comment_status":"open","ping_status":"closed","template":"","meta":{"_uag_custom_page_level_css":"","site-sidebar-layout":"default","site-content-layout":"","ast-site-content-layout":"default","site-content-style":"default","site-sidebar-style":"default","ast-global-header-display":"","ast-banner-title-visibility":"","ast-main-header-display":"","ast-hfb-above-header-display":"","ast-hfb-below-header-display":"","ast-hfb-mobile-header-display":"","site-post-title":"","ast-breadcrumbs-content":"","ast-featured-img":"","footer-sml-layout":"","ast-disable-related-posts":"","theme-transparent-header-meta":"","adv-header-id-meta":"","stick-header-meta":"","header-above-stick-meta":"","header-main-stick-meta":"","header-below-stick-meta":"","astra-migrate-meta-layouts":"default","ast-page-background-enabled":"default","ast-page-background-meta":{"desktop":{"background-color":"","background-image":"","background-repeat":"repeat","background-position":"center center","background-size":"auto","background-attachment":"scroll","background-type":"","background-media":"","overlay-type":"","overlay-color":"","overlay-opacity":"","overlay-gradient":""},"tablet":{"background-color":"","background-image":"","background-repeat":"repeat","background-position":"center center","background-size":"auto","background-attachment":"scroll","background-type":"","background-media":"","overlay-type":"","overlay-color":"","overlay-opacity":"","overlay-gradient":""},"mobile":{"background-color":"","background-image":"","background-repeat":"repeat","background-position":"center center","background-size":"auto","background-attachment":"scroll","background-type":"","background-media":"","overlay-type":"","overlay-color":"","overlay-opacity":"","overlay-gradient":""}},"ast-content-background-meta":{"desktop":{"background-color":"var(--ast-global-color-5)","background-image":"","background-repeat":"repeat","background-position":"center center","background-size":"auto","background-attachment":"scroll","background-type":"","background-media":"","overlay-type":"","overlay-color":"","overlay-opacity":"","overlay-gradient":""},"tablet":{"background-color":"var(--ast-global-color-5)","background-image":"","background-repeat":"repeat","background-position":"center center","background-size":"auto","background-attachment":"scroll","background-type":"","background-media":"","overlay-type":"","overlay-color":"","overlay-opacity":"","overlay-gradient":""},"mobile":{"background-color":"var(--ast-global-color-5)","background-image":"","background-repeat":"repeat","background-position":"center center","background-size":"auto","background-attachment":"scroll","background-type":"","background-media":"","overlay-type":"","overlay-color":"","overlay-opacity":"","overlay-gradient":""}},"_joinchat":[]},"product_brand":[],"product_cat":[37],"product_tag":[53],"class_list":{"0":"post-1157","1":"product","2":"type-product","3":"status-publish","4":"has-post-thumbnail","6":"product_cat-hogar","7":"product_tag-lampara-plegable","8":"desktop-align-left","9":"tablet-align-left","10":"mobile-align-left","12":"first","13":"instock","14":"sale","15":"taxable","16":"shipping-taxable","17":"purchasable","18":"product-type-simple"},"uagb_featured_image_src":{"full":["https:\/\/tiendachilevip.com\/wp-content\/uploads\/2023\/05\/1-4.png",960,951,false],"thumbnail":["https:\/\/tiendachilevip.com\/wp-content\/uploads\/2023\/05\/1-4-150x150.png",150,150,true],"medium":["https:\/\/tiendachilevip.com\/wp-content\/uploads\/2023\/05\/1-4-300x297.png",300,297,true],"medium_large":["https:\/\/tiendachilevip.com\/wp-content\/uploads\/2023\/05\/1-4-768x761.png",768,761,true],"large":["https:\/\/tiendachilevip.com\/wp-content\/uploads\/2023\/05\/1-4.png",960,951,false],"1536x1536":["https:\/\/tiendachilevip.com\/wp-content\/uploads\/2023\/05\/1-4.png",960,951,false],"2048x2048":["https:\/\/tiendachilevip.com\/wp-content\/uploads\/2023\/05\/1-4.png",960,951,false],"woocommerce_thumbnail":["https:\/\/tiendachilevip.com\/wp-content\/uploads\/2023\/05\/1-4-300x300.png",300,300,true],"woocommerce_single":["https:\/\/tiendachilevip.com\/wp-content\/uploads\/2023\/05\/1-4-600x594.png",600,594,true],"woocommerce_gallery_thumbnail":["https:\/\/tiendachilevip.com\/wp-content\/uploads\/2023\/05\/1-4-100x100.png",100,100,true]},"uagb_author_info":{"display_name":"pablo lopez","author_link":"https:\/\/tiendachilevip.com\/?author=0"},"uagb_comment_info":0,"uagb_excerpt":"Caracter\u00edsticas: Selecci\u00f3n rigurosa de materiales, control de calidad y preparaci\u00f3n cuidadosa de cada producto. Usando o mais recien pavio led, economia de energ\u00eda, seguro y duradero, luz ampla, sem estrobosc\u00f3pio. Folhas livremente estticadas, grande \u00e1rea, brilhante e econom\u00eda de energ\u00eda Material de Cobertura transl\u00facida de pvc, alta transmisi\u00f3n, iluminaci\u00f3n uniforme; retardador de material de chama&hellip;","_links":{"self":[{"href":"https:\/\/tiendachilevip.com\/index.php?rest_route=\/wp\/v2\/product\/1157","targetHints":{"allow":["GET"]}}],"collection":[{"href":"https:\/\/tiendachilevip.com\/index.php?rest_route=\/wp\/v2\/product"}],"about":[{"href":"https:\/\/tiendachilevip.com\/index.php?rest_route=\/wp\/v2\/types\/product"}],"replies":[{"embeddable":true,"href":"https:\/\/tiendachilevip.com\/index.php?rest_route=%2Fwp%2Fv2%2Fcomments&post=1157"}],"wp:featuredmedia":[{"embeddable":true,"href":"https:\/\/tiendachilevip.com\/index.php?rest_route=\/wp\/v2\/media\/1158"}],"wp:attachment":[{"href":"https:\/\/tiendachilevip.com\/index.php?rest_route=%2Fwp%2Fv2%2Fmedia&parent=1157"}],"wp:term":[{"taxonomy":"product_brand","embeddable":true,"href":"https:\/\/tiendachilevip.com\/index.php?rest_route=%2Fwp%2Fv2%2Fproduct_brand&post=1157"},{"taxonomy":"product_cat","embeddable":true,"href":"https:\/\/tiendachilevip.com\/index.php?rest_route=%2Fwp%2Fv2%2Fproduct_cat&post=1157"},{"taxonomy":"product_tag","embeddable":true,"href":"https:\/\/tiendachilevip.com\/index.php?rest_route=%2Fwp%2Fv2%2Fproduct_tag&post=1157"}],"curies":[{"name":"wp","href":"https:\/\/api.w.org\/{rel}","templated":true}]}}