{"id":1143,"date":"2023-05-01T13:40:29","date_gmt":"2023-05-01T17:40:29","guid":{"rendered":"https:\/\/tiendachilevip.com\/?post_type=product&#038;p=1143"},"modified":"2023-05-01T14:28:25","modified_gmt":"2023-05-01T18:28:25","slug":"lampara-solar","status":"publish","type":"product","link":"https:\/\/tiendachilevip.com\/?product=lampara-solar","title":{"rendered":"L\u00e1mpara solar"},"content":{"rendered":"<p>Crisol de grafito mini horno de oro de la antorcha de fusi\u00f3n del metal:<\/p>\n<p>Obtendr\u00e1:<br \/>\n1 paquete = 1 piezas 2pack = 2 piezas 3pack = 3 piezas 4pack = 4 piezas<br \/>\n5pack = 5 piezas 6 paquete = 6 piezas 8pack = 8 piezas 10 paquete = 10 piezas<\/p>\n<p>Detalle:<br \/>\nModelo del producto: Luz de cuatro lados 100LED<br \/>\nEspecificaciones del LED: 100SMD2835 0,2 W\/PCS<br \/>\nMaterial del cuerpo ligero: PC + ABS<br \/>\nEspecificaciones del panel Solar: silicio monocristalino 5,5 V 1,43 W<br \/>\nEspecificaci\u00f3n de la bater\u00eda: bater\u00eda de litio 18650 3,7 V 2200MAH con protecci\u00f3n de carga y descarga<br \/>\nPotencia de salida: 3,2 V\/7W<br \/>\nTiempo de carga: 6 horas bajo el sol<br \/>\n\u00c1ngulo de detecci\u00f3n PIR: 120 grados<br \/>\nDistancia de detecci\u00f3n: 8-10 metros<\/p>\n<p>Instrucciones:<br \/>\nEs f\u00e1cil de usar, control inteligente de detecci\u00f3n de luz, sin ajuste, ahorro de energ\u00eda y conveniente,<br \/>\nHaz que tu hogar sea m\u00e1s hermoso e inteligente.<br \/>\n(Solo se necesitan 2 tornillos que se pueden fijar en la pared exterior que se puede encender al sol).<\/p>\n","protected":false},"excerpt":{"rendered":"<p>Crisol de grafito mini horno de oro de la antorcha de fusi\u00f3n del metal: Obtendr\u00e1: 1 paquete = 1 piezas 2pack = 2 piezas 3pack = 3 piezas 4pack = 4 piezas 5pack = 5 piezas 6 paquete = 6 piezas 8pack = 8 piezas 10 paquete = 10 piezas Detalle: Modelo del producto: Luz [&hellip;]<\/p>\n","protected":false},"featured_media":1147,"comment_status":"open","ping_status":"closed","template":"","meta":{"_uag_custom_page_level_css":"","site-sidebar-layout":"default","site-content-layout":"","ast-site-content-layout":"default","site-content-style":"default","site-sidebar-style":"default","ast-global-header-display":"","ast-banner-title-visibility":"","ast-main-header-display":"","ast-hfb-above-header-display":"","ast-hfb-below-header-display":"","ast-hfb-mobile-header-display":"","site-post-title":"","ast-breadcrumbs-content":"","ast-featured-img":"","footer-sml-layout":"","ast-disable-related-posts":"","theme-transparent-header-meta":"","adv-header-id-meta":"","stick-header-meta":"","header-above-stick-meta":"","header-main-stick-meta":"","header-below-stick-meta":"","astra-migrate-meta-layouts":"default","ast-page-background-enabled":"default","ast-page-background-meta":{"desktop":{"background-color":"","background-image":"","background-repeat":"repeat","background-position":"center center","background-size":"auto","background-attachment":"scroll","background-type":"","background-media":"","overlay-type":"","overlay-color":"","overlay-opacity":"","overlay-gradient":""},"tablet":{"background-color":"","background-image":"","background-repeat":"repeat","background-position":"center center","background-size":"auto","background-attachment":"scroll","background-type":"","background-media":"","overlay-type":"","overlay-color":"","overlay-opacity":"","overlay-gradient":""},"mobile":{"background-color":"","background-image":"","background-repeat":"repeat","background-position":"center center","background-size":"auto","background-attachment":"scroll","background-type":"","background-media":"","overlay-type":"","overlay-color":"","overlay-opacity":"","overlay-gradient":""}},"ast-content-background-meta":{"desktop":{"background-color":"var(--ast-global-color-5)","background-image":"","background-repeat":"repeat","background-position":"center center","background-size":"auto","background-attachment":"scroll","background-type":"","background-media":"","overlay-type":"","overlay-color":"","overlay-opacity":"","overlay-gradient":""},"tablet":{"background-color":"var(--ast-global-color-5)","background-image":"","background-repeat":"repeat","background-position":"center center","background-size":"auto","background-attachment":"scroll","background-type":"","background-media":"","overlay-type":"","overlay-color":"","overlay-opacity":"","overlay-gradient":""},"mobile":{"background-color":"var(--ast-global-color-5)","background-image":"","background-repeat":"repeat","background-position":"center center","background-size":"auto","background-attachment":"scroll","background-type":"","background-media":"","overlay-type":"","overlay-color":"","overlay-opacity":"","overlay-gradient":""}},"_joinchat":[]},"product_brand":[],"product_cat":[37],"product_tag":[52],"class_list":{"0":"post-1143","1":"product","2":"type-product","3":"status-publish","4":"has-post-thumbnail","6":"product_cat-hogar","7":"product_tag-lampara-solar","8":"desktop-align-left","9":"tablet-align-left","10":"mobile-align-left","12":"first","13":"instock","14":"sale","15":"taxable","16":"shipping-taxable","17":"purchasable","18":"product-type-simple"},"uagb_featured_image_src":{"full":["https:\/\/tiendachilevip.com\/wp-content\/uploads\/2023\/05\/4-3.png",750,1470,false],"thumbnail":["https:\/\/tiendachilevip.com\/wp-content\/uploads\/2023\/05\/4-3-150x150.png",150,150,true],"medium":["https:\/\/tiendachilevip.com\/wp-content\/uploads\/2023\/05\/4-3-153x300.png",153,300,true],"medium_large":["https:\/\/tiendachilevip.com\/wp-content\/uploads\/2023\/05\/4-3.png",750,1470,false],"large":["https:\/\/tiendachilevip.com\/wp-content\/uploads\/2023\/05\/4-3-522x1024.png",522,1024,true],"1536x1536":["https:\/\/tiendachilevip.com\/wp-content\/uploads\/2023\/05\/4-3.png",750,1470,false],"2048x2048":["https:\/\/tiendachilevip.com\/wp-content\/uploads\/2023\/05\/4-3.png",750,1470,false],"woocommerce_thumbnail":["https:\/\/tiendachilevip.com\/wp-content\/uploads\/2023\/05\/4-3-300x300.png",300,300,true],"woocommerce_single":["https:\/\/tiendachilevip.com\/wp-content\/uploads\/2023\/05\/4-3-600x1176.png",600,1176,true],"woocommerce_gallery_thumbnail":["https:\/\/tiendachilevip.com\/wp-content\/uploads\/2023\/05\/4-3-100x100.png",100,100,true]},"uagb_author_info":{"display_name":"pablo lopez","author_link":"https:\/\/tiendachilevip.com\/?author=0"},"uagb_comment_info":0,"uagb_excerpt":"Crisol de grafito mini horno de oro de la antorcha de fusi\u00f3n del metal: Obtendr\u00e1: 1 paquete = 1 piezas 2pack = 2 piezas 3pack = 3 piezas 4pack = 4 piezas 5pack = 5 piezas 6 paquete = 6 piezas 8pack = 8 piezas 10 paquete = 10 piezas Detalle: Modelo del producto: Luz&hellip;","_links":{"self":[{"href":"https:\/\/tiendachilevip.com\/index.php?rest_route=\/wp\/v2\/product\/1143","targetHints":{"allow":["GET"]}}],"collection":[{"href":"https:\/\/tiendachilevip.com\/index.php?rest_route=\/wp\/v2\/product"}],"about":[{"href":"https:\/\/tiendachilevip.com\/index.php?rest_route=\/wp\/v2\/types\/product"}],"replies":[{"embeddable":true,"href":"https:\/\/tiendachilevip.com\/index.php?rest_route=%2Fwp%2Fv2%2Fcomments&post=1143"}],"wp:featuredmedia":[{"embeddable":true,"href":"https:\/\/tiendachilevip.com\/index.php?rest_route=\/wp\/v2\/media\/1147"}],"wp:attachment":[{"href":"https:\/\/tiendachilevip.com\/index.php?rest_route=%2Fwp%2Fv2%2Fmedia&parent=1143"}],"wp:term":[{"taxonomy":"product_brand","embeddable":true,"href":"https:\/\/tiendachilevip.com\/index.php?rest_route=%2Fwp%2Fv2%2Fproduct_brand&post=1143"},{"taxonomy":"product_cat","embeddable":true,"href":"https:\/\/tiendachilevip.com\/index.php?rest_route=%2Fwp%2Fv2%2Fproduct_cat&post=1143"},{"taxonomy":"product_tag","embeddable":true,"href":"https:\/\/tiendachilevip.com\/index.php?rest_route=%2Fwp%2Fv2%2Fproduct_tag&post=1143"}],"curies":[{"name":"wp","href":"https:\/\/api.w.org\/{rel}","templated":true}]}}