{"id":1128,"date":"2023-05-01T12:47:15","date_gmt":"2023-05-01T16:47:15","guid":{"rendered":"https:\/\/tiendachilevip.com\/?post_type=product&#038;p=1128"},"modified":"2023-06-12T17:56:22","modified_gmt":"2023-06-12T21:56:22","slug":"interruptor-inteligente-wifi","status":"publish","type":"product","link":"https:\/\/tiendachilevip.com\/?product=interruptor-inteligente-wifi","title":{"rendered":"Interruptor Inteligente Wifi"},"content":{"rendered":"<p>1. Control remoto de la aplicaci\u00f3n m\u00f3vil<\/p>\n<p>2. F\u00e1cil de usar<\/p>\n<p>3. Admite control de voz inteligente como Amazon Alexa, asistente de Google, etc.<\/p>\n<p>4. Valoraci\u00f3n del estado<\/p>\n<p>5. Funci\u00f3n de sincronizaci\u00f3n\/cuenta atr\u00e1s<\/p>\n<p>6. Intercambio de equipos<\/p>\n<p>7. Interruptor Manual<\/p>\n<p>Voltaje de entrada: AC100-240V 50\/60Hz<\/p>\n<p>Corriente m\u00e1xima de carga: 10a<\/p>\n<p>Est\u00e1ndar WIFI: 2,4 gHz 802,11 b\/g\/n<\/p>\n<p>Luz indicadora: Azul (apagado) rojo (encendido) verde<br \/>\n(Red de distribuci\u00f3n)<\/p>\n<p>Material de la carcasa: PC + ABS protecci\u00f3n contra incendios clase V0<\/p>\n<p>Temperatura de funcionamiento: -20-50 \u00b0C<\/p>\n<p>Tama\u00f1o del producto: 80x40x20MM<\/p>\n","protected":false},"excerpt":{"rendered":"<p>1. Control remoto de la aplicaci\u00f3n m\u00f3vil 2. F\u00e1cil de usar 3. Admite control de voz inteligente como Amazon Alexa, asistente de Google, etc. 4. Valoraci\u00f3n del estado 5. Funci\u00f3n de sincronizaci\u00f3n\/cuenta atr\u00e1s 6. Intercambio de equipos 7. Interruptor Manual Voltaje de entrada: AC100-240V 50\/60Hz Corriente m\u00e1xima de carga: 10a Est\u00e1ndar WIFI: 2,4 gHz 802,11 [&hellip;]<\/p>\n","protected":false},"featured_media":1129,"comment_status":"open","ping_status":"closed","template":"","meta":{"_uag_custom_page_level_css":"","site-sidebar-layout":"default","site-content-layout":"","ast-site-content-layout":"default","site-content-style":"default","site-sidebar-style":"default","ast-global-header-display":"","ast-banner-title-visibility":"","ast-main-header-display":"","ast-hfb-above-header-display":"","ast-hfb-below-header-display":"","ast-hfb-mobile-header-display":"","site-post-title":"","ast-breadcrumbs-content":"","ast-featured-img":"","footer-sml-layout":"","ast-disable-related-posts":"","theme-transparent-header-meta":"","adv-header-id-meta":"","stick-header-meta":"","header-above-stick-meta":"","header-main-stick-meta":"","header-below-stick-meta":"","astra-migrate-meta-layouts":"default","ast-page-background-enabled":"default","ast-page-background-meta":{"desktop":{"background-color":"","background-image":"","background-repeat":"repeat","background-position":"center center","background-size":"auto","background-attachment":"scroll","background-type":"","background-media":"","overlay-type":"","overlay-color":"","overlay-opacity":"","overlay-gradient":""},"tablet":{"background-color":"","background-image":"","background-repeat":"repeat","background-position":"center center","background-size":"auto","background-attachment":"scroll","background-type":"","background-media":"","overlay-type":"","overlay-color":"","overlay-opacity":"","overlay-gradient":""},"mobile":{"background-color":"","background-image":"","background-repeat":"repeat","background-position":"center center","background-size":"auto","background-attachment":"scroll","background-type":"","background-media":"","overlay-type":"","overlay-color":"","overlay-opacity":"","overlay-gradient":""}},"ast-content-background-meta":{"desktop":{"background-color":"var(--ast-global-color-5)","background-image":"","background-repeat":"repeat","background-position":"center center","background-size":"auto","background-attachment":"scroll","background-type":"","background-media":"","overlay-type":"","overlay-color":"","overlay-opacity":"","overlay-gradient":""},"tablet":{"background-color":"var(--ast-global-color-5)","background-image":"","background-repeat":"repeat","background-position":"center center","background-size":"auto","background-attachment":"scroll","background-type":"","background-media":"","overlay-type":"","overlay-color":"","overlay-opacity":"","overlay-gradient":""},"mobile":{"background-color":"var(--ast-global-color-5)","background-image":"","background-repeat":"repeat","background-position":"center center","background-size":"auto","background-attachment":"scroll","background-type":"","background-media":"","overlay-type":"","overlay-color":"","overlay-opacity":"","overlay-gradient":""}},"_joinchat":[]},"product_brand":[],"product_cat":[24],"product_tag":[49,51,50],"class_list":{"0":"post-1128","1":"product","2":"type-product","3":"status-publish","4":"has-post-thumbnail","6":"product_cat-electronica","7":"product_tag-interruptor-inteligente","8":"product_tag-interruptor-mobil","9":"product_tag-interruptor-wifi","10":"desktop-align-left","11":"tablet-align-left","12":"mobile-align-left","14":"first","15":"outofstock","16":"sale","17":"taxable","18":"shipping-taxable","19":"purchasable","20":"product-type-simple"},"uagb_featured_image_src":{"full":["https:\/\/tiendachilevip.com\/wp-content\/uploads\/2023\/05\/1-1.png",790,1580,false],"thumbnail":["https:\/\/tiendachilevip.com\/wp-content\/uploads\/2023\/05\/1-1-150x150.png",150,150,true],"medium":["https:\/\/tiendachilevip.com\/wp-content\/uploads\/2023\/05\/1-1-150x300.png",150,300,true],"medium_large":["https:\/\/tiendachilevip.com\/wp-content\/uploads\/2023\/05\/1-1-768x1536.png",768,1536,true],"large":["https:\/\/tiendachilevip.com\/wp-content\/uploads\/2023\/05\/1-1-512x1024.png",512,1024,true],"1536x1536":["https:\/\/tiendachilevip.com\/wp-content\/uploads\/2023\/05\/1-1-768x1536.png",768,1536,true],"2048x2048":["https:\/\/tiendachilevip.com\/wp-content\/uploads\/2023\/05\/1-1.png",790,1580,false],"woocommerce_thumbnail":["https:\/\/tiendachilevip.com\/wp-content\/uploads\/2023\/05\/1-1-300x300.png",300,300,true],"woocommerce_single":["https:\/\/tiendachilevip.com\/wp-content\/uploads\/2023\/05\/1-1-600x1200.png",600,1200,true],"woocommerce_gallery_thumbnail":["https:\/\/tiendachilevip.com\/wp-content\/uploads\/2023\/05\/1-1-100x100.png",100,100,true]},"uagb_author_info":{"display_name":"pablo lopez","author_link":"https:\/\/tiendachilevip.com\/?author=0"},"uagb_comment_info":0,"uagb_excerpt":"1. Control remoto de la aplicaci\u00f3n m\u00f3vil 2. F\u00e1cil de usar 3. Admite control de voz inteligente como Amazon Alexa, asistente de Google, etc. 4. Valoraci\u00f3n del estado 5. Funci\u00f3n de sincronizaci\u00f3n\/cuenta atr\u00e1s 6. Intercambio de equipos 7. Interruptor Manual Voltaje de entrada: AC100-240V 50\/60Hz Corriente m\u00e1xima de carga: 10a Est\u00e1ndar WIFI: 2,4 gHz 802,11&hellip;","_links":{"self":[{"href":"https:\/\/tiendachilevip.com\/index.php?rest_route=\/wp\/v2\/product\/1128","targetHints":{"allow":["GET"]}}],"collection":[{"href":"https:\/\/tiendachilevip.com\/index.php?rest_route=\/wp\/v2\/product"}],"about":[{"href":"https:\/\/tiendachilevip.com\/index.php?rest_route=\/wp\/v2\/types\/product"}],"replies":[{"embeddable":true,"href":"https:\/\/tiendachilevip.com\/index.php?rest_route=%2Fwp%2Fv2%2Fcomments&post=1128"}],"wp:featuredmedia":[{"embeddable":true,"href":"https:\/\/tiendachilevip.com\/index.php?rest_route=\/wp\/v2\/media\/1129"}],"wp:attachment":[{"href":"https:\/\/tiendachilevip.com\/index.php?rest_route=%2Fwp%2Fv2%2Fmedia&parent=1128"}],"wp:term":[{"taxonomy":"product_brand","embeddable":true,"href":"https:\/\/tiendachilevip.com\/index.php?rest_route=%2Fwp%2Fv2%2Fproduct_brand&post=1128"},{"taxonomy":"product_cat","embeddable":true,"href":"https:\/\/tiendachilevip.com\/index.php?rest_route=%2Fwp%2Fv2%2Fproduct_cat&post=1128"},{"taxonomy":"product_tag","embeddable":true,"href":"https:\/\/tiendachilevip.com\/index.php?rest_route=%2Fwp%2Fv2%2Fproduct_tag&post=1128"}],"curies":[{"name":"wp","href":"https:\/\/api.w.org\/{rel}","templated":true}]}}