{"id":1119,"date":"2023-05-01T00:38:42","date_gmt":"2023-05-01T04:38:42","guid":{"rendered":"https:\/\/tiendachilevip.com\/?post_type=product&#038;p=1119"},"modified":"2023-05-01T00:39:49","modified_gmt":"2023-05-01T04:39:49","slug":"extension-usb-multiple-con-7-interruptores","status":"publish","type":"product","link":"https:\/\/tiendachilevip.com\/?product=extension-usb-multiple-con-7-interruptores","title":{"rendered":"Extensi\u00f3n Usb Multiple Con 7 Interruptores"},"content":{"rendered":"<p>Color del producto: negro\/blanco<\/p>\n<p>Nombre del producto: Interruptor de 4\/7 puertos USB2.0Concentrador de alta velocidad<\/p>\n<p>Modelo del producto: Divisor 2,0<br \/>\nInterfaz del producto: Puerto macho USB2.0 tipo B\/Fuente de alimentaci\u00f3n CC\/puerto hembra USB2.0 tipo A<br \/>\nMaterial del producto: pl\u00e1stico<br \/>\nColor del producto: negro\/blanco<br \/>\nTama\u00f1o del producto: L105 * W16 * H22mm<br \/>\nPeso del producto: 80g<br \/>\nSistema de soporte: Windows XP\/Vista\/7\/8 y MAC con soporte USB<br \/>\nNOTA: Este Hub no se aplica a la carga, solo para la transmisi\u00f3n de datos<br \/>\nCaracter\u00edsticas:<br \/>\nLigero y f\u00e1cil de llevar<\/p>\n<p>Solo hay dos puertos USB en el port\u00e1til, y no hay lugar para la unidad flash USB despu\u00e9s de enchufar el mouse y la C\u00e1mara. Traer un concentrador USB es mucho m\u00e1s conveniente<\/p>\n<p>La interfaz USB del escritorio suele estar en la parte posterior, y es agotador agacharse para enchufar y desenchufar. Conecte el concentrador USB a la parte posterior, podemos usar el dispositivo USB directamente frente al host.<\/p>\n<p>Desh\u00e1gase de la preocupaci\u00f3n de un puerto USB demasiado lleno. El dise\u00f1o de este HUB USB de 4 puertos es muy bonito. Los enchufes USB independientes est\u00e1n separados entre s\u00ed, lo que evita la compresi\u00f3n de algunos dispositivos USB grandes, lo cual es pr\u00e1ctico y conveniente.<\/p>\n<p>El paquete incluye:<\/p>\n<p>1 * USB 2,0Concentrador de alta velocidad<\/p>\n","protected":false},"excerpt":{"rendered":"<p>Color del producto: negro\/blanco Nombre del producto: Interruptor de 4\/7 puertos USB2.0Concentrador de alta velocidad Modelo del producto: Divisor 2,0 Interfaz del producto: Puerto macho USB2.0 tipo B\/Fuente de alimentaci\u00f3n CC\/puerto hembra USB2.0 tipo A Material del producto: pl\u00e1stico Color del producto: negro\/blanco Tama\u00f1o del producto: L105 * W16 * H22mm Peso del producto: 80g [&hellip;]<\/p>\n","protected":false},"featured_media":1120,"comment_status":"open","ping_status":"closed","template":"","meta":{"_uag_custom_page_level_css":"","site-sidebar-layout":"default","site-content-layout":"","ast-site-content-layout":"default","site-content-style":"default","site-sidebar-style":"default","ast-global-header-display":"","ast-banner-title-visibility":"","ast-main-header-display":"","ast-hfb-above-header-display":"","ast-hfb-below-header-display":"","ast-hfb-mobile-header-display":"","site-post-title":"","ast-breadcrumbs-content":"","ast-featured-img":"","footer-sml-layout":"","ast-disable-related-posts":"","theme-transparent-header-meta":"","adv-header-id-meta":"","stick-header-meta":"","header-above-stick-meta":"","header-main-stick-meta":"","header-below-stick-meta":"","astra-migrate-meta-layouts":"default","ast-page-background-enabled":"default","ast-page-background-meta":{"desktop":{"background-color":"","background-image":"","background-repeat":"repeat","background-position":"center center","background-size":"auto","background-attachment":"scroll","background-type":"","background-media":"","overlay-type":"","overlay-color":"","overlay-opacity":"","overlay-gradient":""},"tablet":{"background-color":"","background-image":"","background-repeat":"repeat","background-position":"center center","background-size":"auto","background-attachment":"scroll","background-type":"","background-media":"","overlay-type":"","overlay-color":"","overlay-opacity":"","overlay-gradient":""},"mobile":{"background-color":"","background-image":"","background-repeat":"repeat","background-position":"center center","background-size":"auto","background-attachment":"scroll","background-type":"","background-media":"","overlay-type":"","overlay-color":"","overlay-opacity":"","overlay-gradient":""}},"ast-content-background-meta":{"desktop":{"background-color":"var(--ast-global-color-5)","background-image":"","background-repeat":"repeat","background-position":"center center","background-size":"auto","background-attachment":"scroll","background-type":"","background-media":"","overlay-type":"","overlay-color":"","overlay-opacity":"","overlay-gradient":""},"tablet":{"background-color":"var(--ast-global-color-5)","background-image":"","background-repeat":"repeat","background-position":"center center","background-size":"auto","background-attachment":"scroll","background-type":"","background-media":"","overlay-type":"","overlay-color":"","overlay-opacity":"","overlay-gradient":""},"mobile":{"background-color":"var(--ast-global-color-5)","background-image":"","background-repeat":"repeat","background-position":"center center","background-size":"auto","background-attachment":"scroll","background-type":"","background-media":"","overlay-type":"","overlay-color":"","overlay-opacity":"","overlay-gradient":""}},"_joinchat":[]},"product_brand":[],"product_cat":[24],"product_tag":[],"class_list":{"0":"post-1119","1":"product","2":"type-product","3":"status-publish","4":"has-post-thumbnail","6":"product_cat-electronica","7":"desktop-align-left","8":"tablet-align-left","9":"mobile-align-left","11":"first","12":"instock","13":"sale","14":"taxable","15":"shipping-taxable","16":"purchasable","17":"product-type-simple"},"uagb_featured_image_src":{"full":["https:\/\/tiendachilevip.com\/wp-content\/uploads\/2023\/05\/1.png",1000,1000,false],"thumbnail":["https:\/\/tiendachilevip.com\/wp-content\/uploads\/2023\/05\/1-150x150.png",150,150,true],"medium":["https:\/\/tiendachilevip.com\/wp-content\/uploads\/2023\/05\/1-300x300.png",300,300,true],"medium_large":["https:\/\/tiendachilevip.com\/wp-content\/uploads\/2023\/05\/1-768x768.png",768,768,true],"large":["https:\/\/tiendachilevip.com\/wp-content\/uploads\/2023\/05\/1.png",1000,1000,false],"1536x1536":["https:\/\/tiendachilevip.com\/wp-content\/uploads\/2023\/05\/1.png",1000,1000,false],"2048x2048":["https:\/\/tiendachilevip.com\/wp-content\/uploads\/2023\/05\/1.png",1000,1000,false],"woocommerce_thumbnail":["https:\/\/tiendachilevip.com\/wp-content\/uploads\/2023\/05\/1-300x300.png",300,300,true],"woocommerce_single":["https:\/\/tiendachilevip.com\/wp-content\/uploads\/2023\/05\/1-600x600.png",600,600,true],"woocommerce_gallery_thumbnail":["https:\/\/tiendachilevip.com\/wp-content\/uploads\/2023\/05\/1-100x100.png",100,100,true]},"uagb_author_info":{"display_name":"pablo lopez","author_link":"https:\/\/tiendachilevip.com\/?author=0"},"uagb_comment_info":0,"uagb_excerpt":"Color del producto: negro\/blanco Nombre del producto: Interruptor de 4\/7 puertos USB2.0Concentrador de alta velocidad Modelo del producto: Divisor 2,0 Interfaz del producto: Puerto macho USB2.0 tipo B\/Fuente de alimentaci\u00f3n CC\/puerto hembra USB2.0 tipo A Material del producto: pl\u00e1stico Color del producto: negro\/blanco Tama\u00f1o del producto: L105 * W16 * H22mm Peso del producto: 80g&hellip;","_links":{"self":[{"href":"https:\/\/tiendachilevip.com\/index.php?rest_route=\/wp\/v2\/product\/1119","targetHints":{"allow":["GET"]}}],"collection":[{"href":"https:\/\/tiendachilevip.com\/index.php?rest_route=\/wp\/v2\/product"}],"about":[{"href":"https:\/\/tiendachilevip.com\/index.php?rest_route=\/wp\/v2\/types\/product"}],"replies":[{"embeddable":true,"href":"https:\/\/tiendachilevip.com\/index.php?rest_route=%2Fwp%2Fv2%2Fcomments&post=1119"}],"wp:featuredmedia":[{"embeddable":true,"href":"https:\/\/tiendachilevip.com\/index.php?rest_route=\/wp\/v2\/media\/1120"}],"wp:attachment":[{"href":"https:\/\/tiendachilevip.com\/index.php?rest_route=%2Fwp%2Fv2%2Fmedia&parent=1119"}],"wp:term":[{"taxonomy":"product_brand","embeddable":true,"href":"https:\/\/tiendachilevip.com\/index.php?rest_route=%2Fwp%2Fv2%2Fproduct_brand&post=1119"},{"taxonomy":"product_cat","embeddable":true,"href":"https:\/\/tiendachilevip.com\/index.php?rest_route=%2Fwp%2Fv2%2Fproduct_cat&post=1119"},{"taxonomy":"product_tag","embeddable":true,"href":"https:\/\/tiendachilevip.com\/index.php?rest_route=%2Fwp%2Fv2%2Fproduct_tag&post=1119"}],"curies":[{"name":"wp","href":"https:\/\/api.w.org\/{rel}","templated":true}]}}