{"id":1115,"date":"2023-04-30T18:19:18","date_gmt":"2023-04-30T22:19:18","guid":{"rendered":"https:\/\/tiendachilevip.com\/?post_type=product&#038;p=1115"},"modified":"2023-04-30T18:20:33","modified_gmt":"2023-04-30T22:20:33","slug":"inmovilizador-auto-o-moto-rfid-de-2-4g","status":"publish","type":"product","link":"https:\/\/tiendachilevip.com\/?product=inmovilizador-auto-o-moto-rfid-de-2-4g","title":{"rendered":"Inmovilizador Auto O Moto Rfid De 2.4g"},"content":{"rendered":"<p>Inmovilizador inal\u00e1mbrico RFID de 2,4 GHZ, bloqueo de motor de coche, circuito inteligente anti-robo de encendido y apagado, motor de corte autom\u00e1tico de alarma engin<\/p>\n<p>1. Bloqueo de motor RFID<br \/>\n2. Bloquea y desbloquea el motor del coche autom\u00e1ticamente 3. Anti-robos inteligente.<br \/>\n4. Corte de Circuito inteligente.<br \/>\n5. Transmisi\u00f3n bidireccional.<br \/>\n6. El motor del coche se bloquear\u00e1 autom\u00e1ticamente y no se puede arrancar m\u00e1s de 2 metros.<br \/>\n7. Aproxime al coche dentro de 2 metros, el motor se desbloquear\u00e1 autom\u00e1ticamente.<br \/>\n8. Solo coloque dentro del bolsillo el control remoto, el motor se bloquear\u00e1 y se desbloquear\u00e1 autom\u00e1ticamente.<br \/>\n9. Sin el control remoto, incluso usar la llave del coche no puede arrancar el motor.<br \/>\n10 liberaci\u00f3n de emergencia: si pierde el control remoto o el control remoto tiene baja potencia, presione el bot\u00f3n de Reinicio 3 veces y mantenga presionado el bot\u00f3n por tercera vez hasta que el zumbador de la unidad principal emita 3 veces.<br \/>\n11. Instalaci\u00f3n muy f\u00e1cil.<\/p>\n","protected":false},"excerpt":{"rendered":"<p>Inmovilizador inal\u00e1mbrico RFID de 2,4 GHZ, bloqueo de motor de coche, circuito inteligente anti-robo de encendido y apagado, motor de corte autom\u00e1tico de alarma engin 1. Bloqueo de motor RFID 2. Bloquea y desbloquea el motor del coche autom\u00e1ticamente 3. Anti-robos inteligente. 4. Corte de Circuito inteligente. 5. Transmisi\u00f3n bidireccional. 6. El motor del coche [&hellip;]<\/p>\n","protected":false},"featured_media":1116,"comment_status":"open","ping_status":"closed","template":"","meta":{"_uag_custom_page_level_css":"","site-sidebar-layout":"default","site-content-layout":"","ast-site-content-layout":"default","site-content-style":"default","site-sidebar-style":"default","ast-global-header-display":"","ast-banner-title-visibility":"","ast-main-header-display":"","ast-hfb-above-header-display":"","ast-hfb-below-header-display":"","ast-hfb-mobile-header-display":"","site-post-title":"","ast-breadcrumbs-content":"","ast-featured-img":"","footer-sml-layout":"","ast-disable-related-posts":"","theme-transparent-header-meta":"","adv-header-id-meta":"","stick-header-meta":"","header-above-stick-meta":"","header-main-stick-meta":"","header-below-stick-meta":"","astra-migrate-meta-layouts":"default","ast-page-background-enabled":"default","ast-page-background-meta":{"desktop":{"background-color":"","background-image":"","background-repeat":"repeat","background-position":"center center","background-size":"auto","background-attachment":"scroll","background-type":"","background-media":"","overlay-type":"","overlay-color":"","overlay-opacity":"","overlay-gradient":""},"tablet":{"background-color":"","background-image":"","background-repeat":"repeat","background-position":"center center","background-size":"auto","background-attachment":"scroll","background-type":"","background-media":"","overlay-type":"","overlay-color":"","overlay-opacity":"","overlay-gradient":""},"mobile":{"background-color":"","background-image":"","background-repeat":"repeat","background-position":"center center","background-size":"auto","background-attachment":"scroll","background-type":"","background-media":"","overlay-type":"","overlay-color":"","overlay-opacity":"","overlay-gradient":""}},"ast-content-background-meta":{"desktop":{"background-color":"var(--ast-global-color-5)","background-image":"","background-repeat":"repeat","background-position":"center center","background-size":"auto","background-attachment":"scroll","background-type":"","background-media":"","overlay-type":"","overlay-color":"","overlay-opacity":"","overlay-gradient":""},"tablet":{"background-color":"var(--ast-global-color-5)","background-image":"","background-repeat":"repeat","background-position":"center center","background-size":"auto","background-attachment":"scroll","background-type":"","background-media":"","overlay-type":"","overlay-color":"","overlay-opacity":"","overlay-gradient":""},"mobile":{"background-color":"var(--ast-global-color-5)","background-image":"","background-repeat":"repeat","background-position":"center center","background-size":"auto","background-attachment":"scroll","background-type":"","background-media":"","overlay-type":"","overlay-color":"","overlay-opacity":"","overlay-gradient":""}},"_joinchat":[]},"product_brand":[],"product_cat":[24],"product_tag":[],"class_list":{"0":"post-1115","1":"product","2":"type-product","3":"status-publish","4":"has-post-thumbnail","6":"product_cat-electronica","7":"desktop-align-left","8":"tablet-align-left","9":"mobile-align-left","11":"first","12":"instock","13":"sale","14":"taxable","15":"shipping-taxable","16":"purchasable","17":"product-type-simple"},"uagb_featured_image_src":{"full":["https:\/\/tiendachilevip.com\/wp-content\/uploads\/2023\/04\/1-73.png",1600,1531,false],"thumbnail":["https:\/\/tiendachilevip.com\/wp-content\/uploads\/2023\/04\/1-73-150x150.png",150,150,true],"medium":["https:\/\/tiendachilevip.com\/wp-content\/uploads\/2023\/04\/1-73-300x287.png",300,287,true],"medium_large":["https:\/\/tiendachilevip.com\/wp-content\/uploads\/2023\/04\/1-73-768x735.png",768,735,true],"large":["https:\/\/tiendachilevip.com\/wp-content\/uploads\/2023\/04\/1-73-1024x980.png",1024,980,true],"1536x1536":["https:\/\/tiendachilevip.com\/wp-content\/uploads\/2023\/04\/1-73-1536x1470.png",1536,1470,true],"2048x2048":["https:\/\/tiendachilevip.com\/wp-content\/uploads\/2023\/04\/1-73.png",1600,1531,false],"woocommerce_thumbnail":["https:\/\/tiendachilevip.com\/wp-content\/uploads\/2023\/04\/1-73-300x300.png",300,300,true],"woocommerce_single":["https:\/\/tiendachilevip.com\/wp-content\/uploads\/2023\/04\/1-73-600x574.png",600,574,true],"woocommerce_gallery_thumbnail":["https:\/\/tiendachilevip.com\/wp-content\/uploads\/2023\/04\/1-73-100x100.png",100,100,true]},"uagb_author_info":{"display_name":"pablo lopez","author_link":"https:\/\/tiendachilevip.com\/?author=0"},"uagb_comment_info":0,"uagb_excerpt":"Inmovilizador inal\u00e1mbrico RFID de 2,4 GHZ, bloqueo de motor de coche, circuito inteligente anti-robo de encendido y apagado, motor de corte autom\u00e1tico de alarma engin 1. Bloqueo de motor RFID 2. Bloquea y desbloquea el motor del coche autom\u00e1ticamente 3. Anti-robos inteligente. 4. Corte de Circuito inteligente. 5. Transmisi\u00f3n bidireccional. 6. El motor del coche&hellip;","_links":{"self":[{"href":"https:\/\/tiendachilevip.com\/index.php?rest_route=\/wp\/v2\/product\/1115","targetHints":{"allow":["GET"]}}],"collection":[{"href":"https:\/\/tiendachilevip.com\/index.php?rest_route=\/wp\/v2\/product"}],"about":[{"href":"https:\/\/tiendachilevip.com\/index.php?rest_route=\/wp\/v2\/types\/product"}],"replies":[{"embeddable":true,"href":"https:\/\/tiendachilevip.com\/index.php?rest_route=%2Fwp%2Fv2%2Fcomments&post=1115"}],"wp:featuredmedia":[{"embeddable":true,"href":"https:\/\/tiendachilevip.com\/index.php?rest_route=\/wp\/v2\/media\/1116"}],"wp:attachment":[{"href":"https:\/\/tiendachilevip.com\/index.php?rest_route=%2Fwp%2Fv2%2Fmedia&parent=1115"}],"wp:term":[{"taxonomy":"product_brand","embeddable":true,"href":"https:\/\/tiendachilevip.com\/index.php?rest_route=%2Fwp%2Fv2%2Fproduct_brand&post=1115"},{"taxonomy":"product_cat","embeddable":true,"href":"https:\/\/tiendachilevip.com\/index.php?rest_route=%2Fwp%2Fv2%2Fproduct_cat&post=1115"},{"taxonomy":"product_tag","embeddable":true,"href":"https:\/\/tiendachilevip.com\/index.php?rest_route=%2Fwp%2Fv2%2Fproduct_tag&post=1115"}],"curies":[{"name":"wp","href":"https:\/\/api.w.org\/{rel}","templated":true}]}}