{"id":1107,"date":"2023-04-30T17:35:29","date_gmt":"2023-04-30T21:35:29","guid":{"rendered":"https:\/\/tiendachilevip.com\/?post_type=product&#038;p=1107"},"modified":"2023-04-30T17:37:22","modified_gmt":"2023-04-30T21:37:22","slug":"helicoptero-teledirigido","status":"publish","type":"product","link":"https:\/\/tiendachilevip.com\/?product=helicoptero-teledirigido","title":{"rendered":"Helicoptero Teledirigido"},"content":{"rendered":"<p>Nota: estimado comprador, todos nuestros helic\u00f3pteros admiten la detecci\u00f3n de gestos, algunos de ellos est\u00e1n equipados con control remoto. El control remoto solo puede acelerar la aeronave, pero no puede controlar la direcci\u00f3n. Selecciona el modelo que necesitas al realizar el pedido.<\/p>\n<p>Estilo A: detecci\u00f3n de gestos<\/p>\n<p>Tipo B: mando a distancia<\/p>\n<p>Nombre del producto: Avi\u00f3n de control remoto por inducci\u00f3n<\/p>\n<p>Material del producto: pl\u00e1stico<\/p>\n<p>Embalaje del producto: Caja de color de ventana<\/p>\n<p>M\u00e9todo de control remoto: mango<\/p>\n<p>Bater\u00eda de control remoto: 2 pilas AA (bater\u00eda comprada por usted mismo)<\/p>\n<p>Funci\u00f3n: inducci\u00f3n, carga, antica\u00edda<\/p>\n","protected":false},"excerpt":{"rendered":"<p>Nota: estimado comprador, todos nuestros helic\u00f3pteros admiten la detecci\u00f3n de gestos, algunos de ellos est\u00e1n equipados con control remoto. El control remoto solo puede acelerar la aeronave, pero no puede controlar la direcci\u00f3n. Selecciona el modelo que necesitas al realizar el pedido. Estilo A: detecci\u00f3n de gestos Tipo B: mando a distancia Nombre del producto: [&hellip;]<\/p>\n","protected":false},"featured_media":1108,"comment_status":"open","ping_status":"closed","template":"","meta":{"_uag_custom_page_level_css":"","site-sidebar-layout":"default","site-content-layout":"","ast-site-content-layout":"default","site-content-style":"default","site-sidebar-style":"default","ast-global-header-display":"","ast-banner-title-visibility":"","ast-main-header-display":"","ast-hfb-above-header-display":"","ast-hfb-below-header-display":"","ast-hfb-mobile-header-display":"","site-post-title":"","ast-breadcrumbs-content":"","ast-featured-img":"","footer-sml-layout":"","ast-disable-related-posts":"","theme-transparent-header-meta":"","adv-header-id-meta":"","stick-header-meta":"","header-above-stick-meta":"","header-main-stick-meta":"","header-below-stick-meta":"","astra-migrate-meta-layouts":"default","ast-page-background-enabled":"default","ast-page-background-meta":{"desktop":{"background-color":"","background-image":"","background-repeat":"repeat","background-position":"center center","background-size":"auto","background-attachment":"scroll","background-type":"","background-media":"","overlay-type":"","overlay-color":"","overlay-opacity":"","overlay-gradient":""},"tablet":{"background-color":"","background-image":"","background-repeat":"repeat","background-position":"center center","background-size":"auto","background-attachment":"scroll","background-type":"","background-media":"","overlay-type":"","overlay-color":"","overlay-opacity":"","overlay-gradient":""},"mobile":{"background-color":"","background-image":"","background-repeat":"repeat","background-position":"center center","background-size":"auto","background-attachment":"scroll","background-type":"","background-media":"","overlay-type":"","overlay-color":"","overlay-opacity":"","overlay-gradient":""}},"ast-content-background-meta":{"desktop":{"background-color":"var(--ast-global-color-5)","background-image":"","background-repeat":"repeat","background-position":"center center","background-size":"auto","background-attachment":"scroll","background-type":"","background-media":"","overlay-type":"","overlay-color":"","overlay-opacity":"","overlay-gradient":""},"tablet":{"background-color":"var(--ast-global-color-5)","background-image":"","background-repeat":"repeat","background-position":"center center","background-size":"auto","background-attachment":"scroll","background-type":"","background-media":"","overlay-type":"","overlay-color":"","overlay-opacity":"","overlay-gradient":""},"mobile":{"background-color":"var(--ast-global-color-5)","background-image":"","background-repeat":"repeat","background-position":"center center","background-size":"auto","background-attachment":"scroll","background-type":"","background-media":"","overlay-type":"","overlay-color":"","overlay-opacity":"","overlay-gradient":""}},"_joinchat":[]},"product_brand":[],"product_cat":[23],"product_tag":[48,45,47,46],"class_list":{"0":"post-1107","1":"product","2":"type-product","3":"status-publish","4":"has-post-thumbnail","6":"product_cat-juguetes","7":"product_tag-control-remoto","8":"product_tag-helicoptero","9":"product_tag-rc","10":"product_tag-teledirigido","11":"desktop-align-left","12":"tablet-align-left","13":"mobile-align-left","15":"first","16":"instock","17":"sale","18":"taxable","19":"shipping-taxable","20":"purchasable","21":"product-type-simple"},"uagb_featured_image_src":{"full":["https:\/\/tiendachilevip.com\/wp-content\/uploads\/2023\/04\/1-72.png",800,800,false],"thumbnail":["https:\/\/tiendachilevip.com\/wp-content\/uploads\/2023\/04\/1-72-150x150.png",150,150,true],"medium":["https:\/\/tiendachilevip.com\/wp-content\/uploads\/2023\/04\/1-72-300x300.png",300,300,true],"medium_large":["https:\/\/tiendachilevip.com\/wp-content\/uploads\/2023\/04\/1-72-768x768.png",768,768,true],"large":["https:\/\/tiendachilevip.com\/wp-content\/uploads\/2023\/04\/1-72.png",800,800,false],"1536x1536":["https:\/\/tiendachilevip.com\/wp-content\/uploads\/2023\/04\/1-72.png",800,800,false],"2048x2048":["https:\/\/tiendachilevip.com\/wp-content\/uploads\/2023\/04\/1-72.png",800,800,false],"woocommerce_thumbnail":["https:\/\/tiendachilevip.com\/wp-content\/uploads\/2023\/04\/1-72-300x300.png",300,300,true],"woocommerce_single":["https:\/\/tiendachilevip.com\/wp-content\/uploads\/2023\/04\/1-72-600x600.png",600,600,true],"woocommerce_gallery_thumbnail":["https:\/\/tiendachilevip.com\/wp-content\/uploads\/2023\/04\/1-72-100x100.png",100,100,true]},"uagb_author_info":{"display_name":"pablo lopez","author_link":"https:\/\/tiendachilevip.com\/?author=0"},"uagb_comment_info":0,"uagb_excerpt":"Nota: estimado comprador, todos nuestros helic\u00f3pteros admiten la detecci\u00f3n de gestos, algunos de ellos est\u00e1n equipados con control remoto. El control remoto solo puede acelerar la aeronave, pero no puede controlar la direcci\u00f3n. Selecciona el modelo que necesitas al realizar el pedido. Estilo A: detecci\u00f3n de gestos Tipo B: mando a distancia Nombre del producto:&hellip;","_links":{"self":[{"href":"https:\/\/tiendachilevip.com\/index.php?rest_route=\/wp\/v2\/product\/1107","targetHints":{"allow":["GET"]}}],"collection":[{"href":"https:\/\/tiendachilevip.com\/index.php?rest_route=\/wp\/v2\/product"}],"about":[{"href":"https:\/\/tiendachilevip.com\/index.php?rest_route=\/wp\/v2\/types\/product"}],"replies":[{"embeddable":true,"href":"https:\/\/tiendachilevip.com\/index.php?rest_route=%2Fwp%2Fv2%2Fcomments&post=1107"}],"wp:featuredmedia":[{"embeddable":true,"href":"https:\/\/tiendachilevip.com\/index.php?rest_route=\/wp\/v2\/media\/1108"}],"wp:attachment":[{"href":"https:\/\/tiendachilevip.com\/index.php?rest_route=%2Fwp%2Fv2%2Fmedia&parent=1107"}],"wp:term":[{"taxonomy":"product_brand","embeddable":true,"href":"https:\/\/tiendachilevip.com\/index.php?rest_route=%2Fwp%2Fv2%2Fproduct_brand&post=1107"},{"taxonomy":"product_cat","embeddable":true,"href":"https:\/\/tiendachilevip.com\/index.php?rest_route=%2Fwp%2Fv2%2Fproduct_cat&post=1107"},{"taxonomy":"product_tag","embeddable":true,"href":"https:\/\/tiendachilevip.com\/index.php?rest_route=%2Fwp%2Fv2%2Fproduct_tag&post=1107"}],"curies":[{"name":"wp","href":"https:\/\/api.w.org\/{rel}","templated":true}]}}