{"id":1047,"date":"2023-04-27T21:57:46","date_gmt":"2023-04-28T01:57:46","guid":{"rendered":"https:\/\/tiendachilevip.com\/?post_type=product&#038;p=1047"},"modified":"2023-04-29T01:08:59","modified_gmt":"2023-04-29T05:08:59","slug":"filtro-para-cafe","status":"publish","type":"product","link":"https:\/\/tiendachilevip.com\/?product=filtro-para-cafe","title":{"rendered":"Filtro para cafe"},"content":{"rendered":"<p>No se necesita papel filtrante, sin olor peculiar, m\u00e1s respetuoso con el medio ambiente, no hay necesidad de preocuparse por el olor del papel filtrante que afecta el sabor del caf\u00e9, no hay necesidad de preocuparse por el papel de filtro que se est\u00e1 utilizando, reduciendo el desperdicio de papel y respetuoso con el medio ambiente<br \/>\nLa resina BS no es t\u00f3xica e inodora, y cumple con los requisitos de higiene y seguridad de las industrias farmac\u00e9utica, alimentaria y otras; Tiene buena resistencia al aceite, superficie lisa y limpia despu\u00e9s del lavado. El mango del filtro de la m\u00e1quina profesional de espresso utiliza el mismo tipo de estructura de doble capa de filtro, y el efecto de filtrado es equivalente. La capa interna del papel de filtro est\u00e1 tejida con alambre de metal ultrafino y alta densidad, que a\u00edsla el polvo de caf\u00e9 y la capa exterior se engrosan mediante perforaci\u00f3n l\u00e1ser, Y una capa adicional de protecci\u00f3n, la taza del filtro que se puede llevar contigo puede ser m\u00e1s peque\u00f1a debido al dise\u00f1o plegable. La superficie de contacto interna con caf\u00e9 est\u00e1 hecha de material ABS, que tiene una buena autolimpieza. La parte de malla de acero oxidado de la taza est\u00e1 pulida. El caf\u00e9 molido es dif\u00edcil de adherir a los lados delantero y trasero.<\/p>\n<p>Caracter\u00edsticas:<br \/>\nPort\u00e1til y compacto: el dise\u00f1o plegable le permite encajar f\u00e1cilmente en cualquier taza. Peque\u00f1o en tama\u00f1o, f\u00e1cil de almacenar y transportar. Habr\u00e1 la mejor opci\u00f3n, cuando trabaje en una oficina, vaya de camping, viaje o mochilero.<br \/>\nMalla microporosa de doble capa: hecha de malla microporosa de doble capa que garantiza el sabor al caf\u00e9 y la concentraci\u00f3n del caf\u00e9 que le gusta. Sin obstrucciones y menos sedimentos que el filtro de caf\u00e9 de papel normal.<br \/>\nMango resistente al calor-dise\u00f1o resistente al calor que el mango de f\u00e1cil agarre evita quemaduras o exposici\u00f3n al calor al verter agua caliente o quitar el mango cuando no est\u00e1 en uso.<br \/>\nVendido y reutilizable: el mango est\u00e1 hecho de resina ABS, que no es t\u00f3xica, sin BPA, apta para alimentos, garantiza una alta durabilidad. La malla de doble capa est\u00e1 hecha de acero inoxidable 304 reutilizable, que garantiza un largo servicio al preparar caf\u00e9.<br \/>\nRegalo perfecto: Un regalo perfecto para tus seres queridos. Es una soluci\u00f3n ideal para la preparaci\u00f3n port\u00e1til de una taza de caf\u00e9 o una taza de t\u00e9.<\/p>\n<p>Especificaciones:<br \/>\nMATERIAL de la malla de doble capa: acero inoxidable 304<br \/>\nMATERIAL del mango: resina ABS<br \/>\nAltura: 28,7 pulgadas\/73mm<br \/>\nDi\u00e1metro del filtro: 75mm\/29,5 pulgadas<br \/>\nPeso: 36g<br \/>\nCapacidad: 1-2 tazas<br \/>\nCompatibilidad: encaja de forma segura en la mayor\u00eda de las tazas<\/p>\n<p>Nota:<br \/>\nPuede haber ligeras desviaciones de tama\u00f1o debido a la medici\u00f3n manual, diferentes m\u00e9todos de medici\u00f3n y herramientas.<br \/>\nLa imagen puede no reflejar el color real del art\u00edculo debido a la luz de fotograf\u00eda diferente, el \u00e1ngulo y el monitor de pantalla.<\/p>\n<p>2 X goteros de caf\u00e9<\/p>\n","protected":false},"excerpt":{"rendered":"<p>No se necesita papel filtrante, sin olor peculiar, m\u00e1s respetuoso con el medio ambiente, no hay necesidad de preocuparse por el olor del papel filtrante que afecta el sabor del caf\u00e9, no hay necesidad de preocuparse por el papel de filtro que se est\u00e1 utilizando, reduciendo el desperdicio de papel y respetuoso con el medio [&hellip;]<\/p>\n","protected":false},"featured_media":1055,"comment_status":"open","ping_status":"closed","template":"","meta":{"_uag_custom_page_level_css":"","site-sidebar-layout":"default","site-content-layout":"","ast-site-content-layout":"default","site-content-style":"default","site-sidebar-style":"default","ast-global-header-display":"","ast-banner-title-visibility":"","ast-main-header-display":"","ast-hfb-above-header-display":"","ast-hfb-below-header-display":"","ast-hfb-mobile-header-display":"","site-post-title":"","ast-breadcrumbs-content":"","ast-featured-img":"","footer-sml-layout":"","ast-disable-related-posts":"","theme-transparent-header-meta":"","adv-header-id-meta":"","stick-header-meta":"","header-above-stick-meta":"","header-main-stick-meta":"","header-below-stick-meta":"","astra-migrate-meta-layouts":"default","ast-page-background-enabled":"default","ast-page-background-meta":{"desktop":{"background-color":"","background-image":"","background-repeat":"repeat","background-position":"center center","background-size":"auto","background-attachment":"scroll","background-type":"","background-media":"","overlay-type":"","overlay-color":"","overlay-opacity":"","overlay-gradient":""},"tablet":{"background-color":"","background-image":"","background-repeat":"repeat","background-position":"center center","background-size":"auto","background-attachment":"scroll","background-type":"","background-media":"","overlay-type":"","overlay-color":"","overlay-opacity":"","overlay-gradient":""},"mobile":{"background-color":"","background-image":"","background-repeat":"repeat","background-position":"center center","background-size":"auto","background-attachment":"scroll","background-type":"","background-media":"","overlay-type":"","overlay-color":"","overlay-opacity":"","overlay-gradient":""}},"ast-content-background-meta":{"desktop":{"background-color":"var(--ast-global-color-5)","background-image":"","background-repeat":"repeat","background-position":"center center","background-size":"auto","background-attachment":"scroll","background-type":"","background-media":"","overlay-type":"","overlay-color":"","overlay-opacity":"","overlay-gradient":""},"tablet":{"background-color":"var(--ast-global-color-5)","background-image":"","background-repeat":"repeat","background-position":"center center","background-size":"auto","background-attachment":"scroll","background-type":"","background-media":"","overlay-type":"","overlay-color":"","overlay-opacity":"","overlay-gradient":""},"mobile":{"background-color":"var(--ast-global-color-5)","background-image":"","background-repeat":"repeat","background-position":"center center","background-size":"auto","background-attachment":"scroll","background-type":"","background-media":"","overlay-type":"","overlay-color":"","overlay-opacity":"","overlay-gradient":""}},"_joinchat":[]},"product_brand":[],"product_cat":[43],"product_tag":[],"class_list":{"0":"post-1047","1":"product","2":"type-product","3":"status-publish","4":"has-post-thumbnail","6":"product_cat-cocina","7":"desktop-align-left","8":"tablet-align-left","9":"mobile-align-left","11":"first","12":"instock","13":"sale","14":"taxable","15":"shipping-taxable","16":"purchasable","17":"product-type-simple"},"uagb_featured_image_src":{"full":["https:\/\/tiendachilevip.com\/wp-content\/uploads\/2023\/04\/8-30.png",1600,1600,false],"thumbnail":["https:\/\/tiendachilevip.com\/wp-content\/uploads\/2023\/04\/8-30-150x150.png",150,150,true],"medium":["https:\/\/tiendachilevip.com\/wp-content\/uploads\/2023\/04\/8-30-300x300.png",300,300,true],"medium_large":["https:\/\/tiendachilevip.com\/wp-content\/uploads\/2023\/04\/8-30-768x768.png",768,768,true],"large":["https:\/\/tiendachilevip.com\/wp-content\/uploads\/2023\/04\/8-30-1024x1024.png",1024,1024,true],"1536x1536":["https:\/\/tiendachilevip.com\/wp-content\/uploads\/2023\/04\/8-30-1536x1536.png",1536,1536,true],"2048x2048":["https:\/\/tiendachilevip.com\/wp-content\/uploads\/2023\/04\/8-30.png",1600,1600,false],"woocommerce_thumbnail":["https:\/\/tiendachilevip.com\/wp-content\/uploads\/2023\/04\/8-30-300x300.png",300,300,true],"woocommerce_single":["https:\/\/tiendachilevip.com\/wp-content\/uploads\/2023\/04\/8-30-600x600.png",600,600,true],"woocommerce_gallery_thumbnail":["https:\/\/tiendachilevip.com\/wp-content\/uploads\/2023\/04\/8-30-100x100.png",100,100,true]},"uagb_author_info":{"display_name":"pablo lopez","author_link":"https:\/\/tiendachilevip.com\/?author=0"},"uagb_comment_info":0,"uagb_excerpt":"No se necesita papel filtrante, sin olor peculiar, m\u00e1s respetuoso con el medio ambiente, no hay necesidad de preocuparse por el olor del papel filtrante que afecta el sabor del caf\u00e9, no hay necesidad de preocuparse por el papel de filtro que se est\u00e1 utilizando, reduciendo el desperdicio de papel y respetuoso con el medio&hellip;","_links":{"self":[{"href":"https:\/\/tiendachilevip.com\/index.php?rest_route=\/wp\/v2\/product\/1047","targetHints":{"allow":["GET"]}}],"collection":[{"href":"https:\/\/tiendachilevip.com\/index.php?rest_route=\/wp\/v2\/product"}],"about":[{"href":"https:\/\/tiendachilevip.com\/index.php?rest_route=\/wp\/v2\/types\/product"}],"replies":[{"embeddable":true,"href":"https:\/\/tiendachilevip.com\/index.php?rest_route=%2Fwp%2Fv2%2Fcomments&post=1047"}],"wp:featuredmedia":[{"embeddable":true,"href":"https:\/\/tiendachilevip.com\/index.php?rest_route=\/wp\/v2\/media\/1055"}],"wp:attachment":[{"href":"https:\/\/tiendachilevip.com\/index.php?rest_route=%2Fwp%2Fv2%2Fmedia&parent=1047"}],"wp:term":[{"taxonomy":"product_brand","embeddable":true,"href":"https:\/\/tiendachilevip.com\/index.php?rest_route=%2Fwp%2Fv2%2Fproduct_brand&post=1047"},{"taxonomy":"product_cat","embeddable":true,"href":"https:\/\/tiendachilevip.com\/index.php?rest_route=%2Fwp%2Fv2%2Fproduct_cat&post=1047"},{"taxonomy":"product_tag","embeddable":true,"href":"https:\/\/tiendachilevip.com\/index.php?rest_route=%2Fwp%2Fv2%2Fproduct_tag&post=1047"}],"curies":[{"name":"wp","href":"https:\/\/api.w.org\/{rel}","templated":true}]}}