{"id":1039,"date":"2023-04-27T21:39:02","date_gmt":"2023-04-28T01:39:02","guid":{"rendered":"https:\/\/tiendachilevip.com\/?post_type=product&#038;p=1039"},"modified":"2023-06-12T17:56:39","modified_gmt":"2023-06-12T21:56:39","slug":"1039","status":"publish","type":"product","link":"https:\/\/tiendachilevip.com\/?product=1039","title":{"rendered":"Extractor De Tornillos"},"content":{"rendered":"<p>Caracter\u00edsticas:<br \/>\nFunciona con cualquier broca y cualquier tama\u00f1o de tornillo, perfecto para pelar, romper, pegar o da\u00f1ar y quitar tornillos.<br \/>\nKit de destornilladores de alta dureza, puede quitar f\u00e1cilmente el tornillo oxidado, roto, incrustado y viscoso en unos segundos.<br \/>\nUtilice una broca para perforar un agujero profundo en la cabeza del tornillo y luego invierta el destornillador en sentido contrario a las agujas del reloj en el tornillo da\u00f1ado hasta que se libere.<br \/>\nIdeal para todos los propietarios de viviendas, carpinteros, mec\u00e1nicos, artistas, aficionados, etc.<br \/>\nSolo removedores de tornillo, \u00a1otros accesorios de demostraci\u00f3n en la imagen no est\u00e1n incluidos!<\/p>\n<p>Especificaciones:<br \/>\nMaterial: acero de alta velocidad<br \/>\nLongitud: 51mm<br \/>\nTornillos da\u00f1ados tama\u00f1os:<br \/>\n0 di\u00e1metro del removedor: 2-4mm<br \/>\n01 di\u00e1metro del removedor: 3-5mm<br \/>\n02 di\u00e1metro del removedor: 4-8mm<br \/>\n03 di\u00e1metro del removedor: 5-10mm<br \/>\n04 di\u00e1metro del removedor: 6-12mm<br \/>\nColor: oro\/plata<br \/>\nCantidad: 1 Juego<\/p>\n<p>El paquete incluye:<br \/>\n5 unidades\/juego de extractor de tornillo A\/B (tama\u00f1o espec\u00edfico como se muestra en la figura).<\/p>\n","protected":false},"excerpt":{"rendered":"<p>Caracter\u00edsticas: Funciona con cualquier broca y cualquier tama\u00f1o de tornillo, perfecto para pelar, romper, pegar o da\u00f1ar y quitar tornillos. Kit de destornilladores de alta dureza, puede quitar f\u00e1cilmente el tornillo oxidado, roto, incrustado y viscoso en unos segundos. Utilice una broca para perforar un agujero profundo en la cabeza del tornillo y luego invierta [&hellip;]<\/p>\n","protected":false},"featured_media":1040,"comment_status":"open","ping_status":"closed","template":"","meta":{"_uag_custom_page_level_css":"","site-sidebar-layout":"default","site-content-layout":"","ast-site-content-layout":"default","site-content-style":"default","site-sidebar-style":"default","ast-global-header-display":"","ast-banner-title-visibility":"","ast-main-header-display":"","ast-hfb-above-header-display":"","ast-hfb-below-header-display":"","ast-hfb-mobile-header-display":"","site-post-title":"","ast-breadcrumbs-content":"","ast-featured-img":"","footer-sml-layout":"","ast-disable-related-posts":"","theme-transparent-header-meta":"","adv-header-id-meta":"","stick-header-meta":"","header-above-stick-meta":"","header-main-stick-meta":"","header-below-stick-meta":"","astra-migrate-meta-layouts":"default","ast-page-background-enabled":"default","ast-page-background-meta":{"desktop":{"background-color":"","background-image":"","background-repeat":"repeat","background-position":"center center","background-size":"auto","background-attachment":"scroll","background-type":"","background-media":"","overlay-type":"","overlay-color":"","overlay-opacity":"","overlay-gradient":""},"tablet":{"background-color":"","background-image":"","background-repeat":"repeat","background-position":"center center","background-size":"auto","background-attachment":"scroll","background-type":"","background-media":"","overlay-type":"","overlay-color":"","overlay-opacity":"","overlay-gradient":""},"mobile":{"background-color":"","background-image":"","background-repeat":"repeat","background-position":"center center","background-size":"auto","background-attachment":"scroll","background-type":"","background-media":"","overlay-type":"","overlay-color":"","overlay-opacity":"","overlay-gradient":""}},"ast-content-background-meta":{"desktop":{"background-color":"var(--ast-global-color-5)","background-image":"","background-repeat":"repeat","background-position":"center center","background-size":"auto","background-attachment":"scroll","background-type":"","background-media":"","overlay-type":"","overlay-color":"","overlay-opacity":"","overlay-gradient":""},"tablet":{"background-color":"var(--ast-global-color-5)","background-image":"","background-repeat":"repeat","background-position":"center center","background-size":"auto","background-attachment":"scroll","background-type":"","background-media":"","overlay-type":"","overlay-color":"","overlay-opacity":"","overlay-gradient":""},"mobile":{"background-color":"var(--ast-global-color-5)","background-image":"","background-repeat":"repeat","background-position":"center center","background-size":"auto","background-attachment":"scroll","background-type":"","background-media":"","overlay-type":"","overlay-color":"","overlay-opacity":"","overlay-gradient":""}},"_joinchat":[]},"product_brand":[],"product_cat":[26],"product_tag":[],"class_list":{"0":"post-1039","1":"product","2":"type-product","3":"status-publish","4":"has-post-thumbnail","6":"product_cat-herramientas","7":"desktop-align-left","8":"tablet-align-left","9":"mobile-align-left","11":"first","12":"outofstock","13":"sale","14":"taxable","15":"shipping-taxable","16":"purchasable","17":"product-type-simple"},"uagb_featured_image_src":{"full":["https:\/\/tiendachilevip.com\/wp-content\/uploads\/2023\/04\/1-65.png",790,893,false],"thumbnail":["https:\/\/tiendachilevip.com\/wp-content\/uploads\/2023\/04\/1-65-150x150.png",150,150,true],"medium":["https:\/\/tiendachilevip.com\/wp-content\/uploads\/2023\/04\/1-65-265x300.png",265,300,true],"medium_large":["https:\/\/tiendachilevip.com\/wp-content\/uploads\/2023\/04\/1-65-768x868.png",768,868,true],"large":["https:\/\/tiendachilevip.com\/wp-content\/uploads\/2023\/04\/1-65.png",790,893,false],"1536x1536":["https:\/\/tiendachilevip.com\/wp-content\/uploads\/2023\/04\/1-65.png",790,893,false],"2048x2048":["https:\/\/tiendachilevip.com\/wp-content\/uploads\/2023\/04\/1-65.png",790,893,false],"woocommerce_thumbnail":["https:\/\/tiendachilevip.com\/wp-content\/uploads\/2023\/04\/1-65-300x300.png",300,300,true],"woocommerce_single":["https:\/\/tiendachilevip.com\/wp-content\/uploads\/2023\/04\/1-65-600x678.png",600,678,true],"woocommerce_gallery_thumbnail":["https:\/\/tiendachilevip.com\/wp-content\/uploads\/2023\/04\/1-65-100x100.png",100,100,true]},"uagb_author_info":{"display_name":"pablo lopez","author_link":"https:\/\/tiendachilevip.com\/?author=0"},"uagb_comment_info":0,"uagb_excerpt":"Caracter\u00edsticas: Funciona con cualquier broca y cualquier tama\u00f1o de tornillo, perfecto para pelar, romper, pegar o da\u00f1ar y quitar tornillos. Kit de destornilladores de alta dureza, puede quitar f\u00e1cilmente el tornillo oxidado, roto, incrustado y viscoso en unos segundos. Utilice una broca para perforar un agujero profundo en la cabeza del tornillo y luego invierta&hellip;","_links":{"self":[{"href":"https:\/\/tiendachilevip.com\/index.php?rest_route=\/wp\/v2\/product\/1039","targetHints":{"allow":["GET"]}}],"collection":[{"href":"https:\/\/tiendachilevip.com\/index.php?rest_route=\/wp\/v2\/product"}],"about":[{"href":"https:\/\/tiendachilevip.com\/index.php?rest_route=\/wp\/v2\/types\/product"}],"replies":[{"embeddable":true,"href":"https:\/\/tiendachilevip.com\/index.php?rest_route=%2Fwp%2Fv2%2Fcomments&post=1039"}],"wp:featuredmedia":[{"embeddable":true,"href":"https:\/\/tiendachilevip.com\/index.php?rest_route=\/wp\/v2\/media\/1040"}],"wp:attachment":[{"href":"https:\/\/tiendachilevip.com\/index.php?rest_route=%2Fwp%2Fv2%2Fmedia&parent=1039"}],"wp:term":[{"taxonomy":"product_brand","embeddable":true,"href":"https:\/\/tiendachilevip.com\/index.php?rest_route=%2Fwp%2Fv2%2Fproduct_brand&post=1039"},{"taxonomy":"product_cat","embeddable":true,"href":"https:\/\/tiendachilevip.com\/index.php?rest_route=%2Fwp%2Fv2%2Fproduct_cat&post=1039"},{"taxonomy":"product_tag","embeddable":true,"href":"https:\/\/tiendachilevip.com\/index.php?rest_route=%2Fwp%2Fv2%2Fproduct_tag&post=1039"}],"curies":[{"name":"wp","href":"https:\/\/api.w.org\/{rel}","templated":true}]}}