{"id":1017,"date":"2023-04-27T20:52:59","date_gmt":"2023-04-28T00:52:59","guid":{"rendered":"https:\/\/tiendachilevip.com\/?post_type=product&#038;p=1017"},"modified":"2023-04-27T20:55:05","modified_gmt":"2023-04-28T00:55:05","slug":"esponja-cosmetica","status":"publish","type":"product","link":"https:\/\/tiendachilevip.com\/?product=esponja-cosmetica","title":{"rendered":"Esponja Cosm\u00e9tica"},"content":{"rendered":"<p>Juego de 7 piezas de huevo de belleza calabaza gota de agua Puff maquillaje Puff conjunto colorido coj\u00edn esponja cosm\u00e9tica herramienta accesorios de uso h\u00famedo y seco<br \/>\nEl privado que pide sus huevos de maquillaje de belleza exclusivos<br \/>\nSuave y agradable para la piel, polvo dif\u00edcil de comer, maquillaje inferior peque\u00f1o experto<br \/>\nTodos los problemas de maquillaje est\u00e1n cubiertos:<br \/>\nEl polvo no es f\u00e1cil de comer<br \/>\nMaquillaje inferior descanso<br \/>\nAnfibio h\u00famedo seco<br \/>\nSuave Q play<\/p>\n","protected":false},"excerpt":{"rendered":"<p>Juego de 7 piezas de huevo de belleza calabaza gota de agua Puff maquillaje Puff conjunto colorido coj\u00edn esponja cosm\u00e9tica herramienta accesorios de uso h\u00famedo y seco El privado que pide sus huevos de maquillaje de belleza exclusivos Suave y agradable para la piel, polvo dif\u00edcil de comer, maquillaje inferior peque\u00f1o experto Todos los problemas [&hellip;]<\/p>\n","protected":false},"featured_media":1019,"comment_status":"open","ping_status":"closed","template":"","meta":{"_uag_custom_page_level_css":"","site-sidebar-layout":"default","site-content-layout":"","ast-site-content-layout":"default","site-content-style":"default","site-sidebar-style":"default","ast-global-header-display":"","ast-banner-title-visibility":"","ast-main-header-display":"","ast-hfb-above-header-display":"","ast-hfb-below-header-display":"","ast-hfb-mobile-header-display":"","site-post-title":"","ast-breadcrumbs-content":"","ast-featured-img":"","footer-sml-layout":"","ast-disable-related-posts":"","theme-transparent-header-meta":"","adv-header-id-meta":"","stick-header-meta":"","header-above-stick-meta":"","header-main-stick-meta":"","header-below-stick-meta":"","astra-migrate-meta-layouts":"default","ast-page-background-enabled":"default","ast-page-background-meta":{"desktop":{"background-color":"","background-image":"","background-repeat":"repeat","background-position":"center center","background-size":"auto","background-attachment":"scroll","background-type":"","background-media":"","overlay-type":"","overlay-color":"","overlay-opacity":"","overlay-gradient":""},"tablet":{"background-color":"","background-image":"","background-repeat":"repeat","background-position":"center center","background-size":"auto","background-attachment":"scroll","background-type":"","background-media":"","overlay-type":"","overlay-color":"","overlay-opacity":"","overlay-gradient":""},"mobile":{"background-color":"","background-image":"","background-repeat":"repeat","background-position":"center center","background-size":"auto","background-attachment":"scroll","background-type":"","background-media":"","overlay-type":"","overlay-color":"","overlay-opacity":"","overlay-gradient":""}},"ast-content-background-meta":{"desktop":{"background-color":"var(--ast-global-color-5)","background-image":"","background-repeat":"repeat","background-position":"center center","background-size":"auto","background-attachment":"scroll","background-type":"","background-media":"","overlay-type":"","overlay-color":"","overlay-opacity":"","overlay-gradient":""},"tablet":{"background-color":"var(--ast-global-color-5)","background-image":"","background-repeat":"repeat","background-position":"center center","background-size":"auto","background-attachment":"scroll","background-type":"","background-media":"","overlay-type":"","overlay-color":"","overlay-opacity":"","overlay-gradient":""},"mobile":{"background-color":"var(--ast-global-color-5)","background-image":"","background-repeat":"repeat","background-position":"center center","background-size":"auto","background-attachment":"scroll","background-type":"","background-media":"","overlay-type":"","overlay-color":"","overlay-opacity":"","overlay-gradient":""}},"_joinchat":[]},"product_brand":[],"product_cat":[31],"product_tag":[],"class_list":{"0":"post-1017","1":"product","2":"type-product","3":"status-publish","4":"has-post-thumbnail","6":"product_cat-belleza","7":"desktop-align-left","8":"tablet-align-left","9":"mobile-align-left","11":"first","12":"instock","13":"sale","14":"taxable","15":"shipping-taxable","16":"purchasable","17":"product-type-simple"},"uagb_featured_image_src":{"full":["https:\/\/tiendachilevip.com\/wp-content\/uploads\/2023\/04\/2-64.png",750,1559,false],"thumbnail":["https:\/\/tiendachilevip.com\/wp-content\/uploads\/2023\/04\/2-64-150x150.png",150,150,true],"medium":["https:\/\/tiendachilevip.com\/wp-content\/uploads\/2023\/04\/2-64-144x300.png",144,300,true],"medium_large":["https:\/\/tiendachilevip.com\/wp-content\/uploads\/2023\/04\/2-64.png",750,1559,false],"large":["https:\/\/tiendachilevip.com\/wp-content\/uploads\/2023\/04\/2-64-493x1024.png",493,1024,true],"1536x1536":["https:\/\/tiendachilevip.com\/wp-content\/uploads\/2023\/04\/2-64-739x1536.png",739,1536,true],"2048x2048":["https:\/\/tiendachilevip.com\/wp-content\/uploads\/2023\/04\/2-64.png",750,1559,false],"woocommerce_thumbnail":["https:\/\/tiendachilevip.com\/wp-content\/uploads\/2023\/04\/2-64-300x300.png",300,300,true],"woocommerce_single":["https:\/\/tiendachilevip.com\/wp-content\/uploads\/2023\/04\/2-64-600x1247.png",600,1247,true],"woocommerce_gallery_thumbnail":["https:\/\/tiendachilevip.com\/wp-content\/uploads\/2023\/04\/2-64-100x100.png",100,100,true]},"uagb_author_info":{"display_name":"pablo lopez","author_link":"https:\/\/tiendachilevip.com\/?author=0"},"uagb_comment_info":0,"uagb_excerpt":"Juego de 7 piezas de huevo de belleza calabaza gota de agua Puff maquillaje Puff conjunto colorido coj\u00edn esponja cosm\u00e9tica herramienta accesorios de uso h\u00famedo y seco El privado que pide sus huevos de maquillaje de belleza exclusivos Suave y agradable para la piel, polvo dif\u00edcil de comer, maquillaje inferior peque\u00f1o experto Todos los problemas&hellip;","_links":{"self":[{"href":"https:\/\/tiendachilevip.com\/index.php?rest_route=\/wp\/v2\/product\/1017","targetHints":{"allow":["GET"]}}],"collection":[{"href":"https:\/\/tiendachilevip.com\/index.php?rest_route=\/wp\/v2\/product"}],"about":[{"href":"https:\/\/tiendachilevip.com\/index.php?rest_route=\/wp\/v2\/types\/product"}],"replies":[{"embeddable":true,"href":"https:\/\/tiendachilevip.com\/index.php?rest_route=%2Fwp%2Fv2%2Fcomments&post=1017"}],"wp:featuredmedia":[{"embeddable":true,"href":"https:\/\/tiendachilevip.com\/index.php?rest_route=\/wp\/v2\/media\/1019"}],"wp:attachment":[{"href":"https:\/\/tiendachilevip.com\/index.php?rest_route=%2Fwp%2Fv2%2Fmedia&parent=1017"}],"wp:term":[{"taxonomy":"product_brand","embeddable":true,"href":"https:\/\/tiendachilevip.com\/index.php?rest_route=%2Fwp%2Fv2%2Fproduct_brand&post=1017"},{"taxonomy":"product_cat","embeddable":true,"href":"https:\/\/tiendachilevip.com\/index.php?rest_route=%2Fwp%2Fv2%2Fproduct_cat&post=1017"},{"taxonomy":"product_tag","embeddable":true,"href":"https:\/\/tiendachilevip.com\/index.php?rest_route=%2Fwp%2Fv2%2Fproduct_tag&post=1017"}],"curies":[{"name":"wp","href":"https:\/\/api.w.org\/{rel}","templated":true}]}}